{"id":5330,"date":"2020-10-11T11:33:14","date_gmt":"2020-10-11T11:33:14","guid":{"rendered":"http:\/\/codex-themes.com\/thegem\/sites\/business-consulting-02\/?page_id=19"},"modified":"2022-05-07T17:01:19","modified_gmt":"2022-05-07T15:01:19","slug":"kapcsolat","status":"publish","type":"page","link":"https:\/\/carepackair.com\/hu\/kapcsolat\/","title":{"rendered":"Kapcsolat"},"content":{"rendered":"<section class=\"wpb-content-wrapper\"><p>[vc_row][vc_column offset=&#8221;vc_col-lg-12 vc_hidden-md vc_hidden-sm&#8221;]<div class=\"clearboth\"><\/div><style>#thegem-divider-6a044652ec3ae {margin-top: 110px !important;}<\/style><div id=\"thegem-divider-6a044652ec3ae\" class=\"gem-divider  \" style=\"\" ><\/div>[\/vc_column][\/vc_row][vc_row css=&#8221;.vc_custom_1603890235023{background-image: url(http:\/\/codex-themes.com\/thegem\/sites\/business-consulting-02\/wp-content\/uploads\/2020\/10\/9.png?id=30) !important;background-position: center !important;background-repeat: no-repeat !important;background-size: contain !important;}&#8221;][vc_column][vc_column_text css_animation=&#8221;bottom-to-top&#8221;]<\/p>\n<div class=\"title-h3\">L\u00e9pj vel\u00fcnk kapcsolatba<\/div>\n<p>[\/vc_column_text][\/vc_column][vc_column offset=&#8221;vc_hidden-xs&#8221;]<div class=\"clearboth\"><\/div><style>#thegem-divider-6a044652ec931 {margin-top: 20px !important;}<\/style><div id=\"thegem-divider-6a044652ec931\" class=\"gem-divider  \" style=\"\" ><\/div>[\/vc_column][vc_column width=&#8221;1\/2&#8243;][vc_row_inner][vc_column_inner width=&#8221;1\/6&#8243; disable_custom_paddings_mobile=&#8221;true&#8221; css=&#8221;.vc_custom_1603230659998{padding-right: 0px !important;}&#8221;]<div class=\"clearboth\"><\/div><style>#thegem-divider-6a044652ec96e {margin-top: 17px !important;}<\/style><div id=\"thegem-divider-6a044652ec96e\" class=\"gem-divider  \" style=\"\" ><\/div><div class=\"clearboth\"><\/div><div id=\"thegem-divider-6a044652ec99c\" class=\"gem-divider   gem-divider-style-2\" style=\"border-color: #0047bb;\" ><\/div>[\/vc_column_inner][vc_column_inner width=&#8221;5\/6&#8243; css=&#8221;.vc_custom_1602620717174{padding-right: 21% !important;padding-left: 20px !important;}&#8221;][vc_column_text css_animation=&#8221;bottom-to-top&#8221;]<\/p>\n<div class=\"title-h4\">3066 Cserh\u00e1tszentiv\u00e1n, V\u00f6r\u00f6smarty utca 20.<\/div>\n<p>[\/vc_column_text][\/vc_column_inner][\/vc_row_inner][\/vc_column][vc_column width=&#8221;1\/2&#8243; offset=&#8221;vc_hidden-xs&#8221;][\/vc_column][vc_column disable_custom_paddings_mobile=&#8221;true&#8221; css=&#8221;.vc_custom_1603230732504{padding-top: 55px !important;}&#8221;][vc_row_inner][vc_column_inner width=&#8221;1\/3&#8243; disable_custom_paddings_mobile=&#8221;true&#8221; css=&#8221;.vc_custom_1603230817902{padding-left: 120px !important;}&#8221;][vc_column_text css_animation=&#8221;bottom-to-top&#8221;]<\/p>\n<p style=\"line-height: 35px;\">Email: <a href=\"mailto:info@carepackair.com\">info@carepackair.com<\/a><\/p>\n<p>[\/vc_column_text][\/vc_column_inner][vc_column_inner width=&#8221;1\/4&#8243;][vc_column_text css_animation=&#8221;bottom-to-top&#8221;]<\/p>\n<p style=\"line-height: 35px;\">Telefon: <a href=\"tel:+36 70 386 3334\" target=\"_blank\" rel=\"noopener\">+36 70 386 3334<\/a><\/p>\n<p>[\/vc_column_text][\/vc_column_inner][vc_column_inner width=&#8221;5\/12&#8243; disable_custom_paddings_mobile=&#8221;true&#8221; css=&#8221;.vc_custom_1603230827872{padding-left: 0px !important;}&#8221;][vc_column_text css_animation=&#8221;bottom-to-top&#8221;]<\/p>\n<p style=\"line-height: 35px;\">H\u00e9tf\u0151 &#8211; P\u00e9ntek : 8:00 &#8211; 16:00<\/p>\n<p>[\/vc_column_text][\/vc_column_inner][\/vc_row_inner][\/vc_column][vc_column disable_custom_paddings_mobile=&#8221;true&#8221; css=&#8221;.vc_custom_1603230786560{padding-top: 60px !important;padding-left: 120px !important;}&#8221;]<div class=\"socials socials-list socials-colored-hover socials-rounded socials-alignment-left\"><a class=\"socials-item\" target=\"_blank\" href=\"#\" style=\"color: #bbbbbb;\"><i class=\"socials-item-icon facebook\" style=\"font-size: 34px\"><\/i><\/a><a class=\"socials-item\" target=\"_blank\" href=\"#\" style=\"color: #bbbbbb;\"><i class=\"socials-item-icon youtube\" style=\"font-size: 34px\"><\/i><\/a><\/div>[\/vc_column][vc_column]<div class=\"clearboth\"><\/div><style>#thegem-divider-6a044652eca10 {margin-top: 15px !important;}<\/style><div id=\"thegem-divider-6a044652eca10\" class=\"gem-divider  \" style=\"\" ><\/div>[\/vc_column][\/vc_row][vc_row][vc_column offset=&#8221;vc_hidden-xs&#8221;]<div class=\"clearboth\"><\/div><style>#thegem-divider-6a044652eca39 {margin-top: 10px !important;}<\/style><div id=\"thegem-divider-6a044652eca39\" class=\"gem-divider  \" style=\"\" ><\/div>[\/vc_column][\/vc_row][vc_row full_width=&#8221;stretch_row&#8221; css=&#8221;.vc_custom_1643294109721{margin-bottom: 0px !important;background-image: url(https:\/\/carepackair.com\/wp-content\/uploads\/2022\/01\/row-bg2.jpg?id=24707) !important;background-position: center !important;background-repeat: no-repeat !important;background-size: cover !important;}&#8221;][vc_column offset=&#8221;vc_hidden-lg vc_col-md-12 vc_col-xs-12&#8243; css=&#8221;.vc_custom_1605823452621{padding-top: 0px !important;}&#8221; el_class=&#8221;gem-custom-column-margin-mobile&#8221;]<div class=\"clearboth\"><\/div><div id=\"thegem-divider-6a044652eca5c\" class=\"gem-divider  \" style=\"\" ><\/div>[\/vc_column][vc_column offset=&#8221;vc_col-lg-12 vc_hidden-md vc_hidden-sm vc_hidden-xs&#8221;]<div class=\"clearboth\"><\/div><style>#thegem-divider-6a044652eca7d {margin-top: 80px !important;}<\/style><div id=\"thegem-divider-6a044652eca7d\" class=\"gem-divider  \" style=\"\" ><\/div>[\/vc_column][vc_column width=&#8221;2\/3&#8243; offset=&#8221;vc_col-lg-8 vc_col-md-8 vc_col-xs-12&#8243;][vc_row_inner][vc_column_inner css=&#8221;.vc_custom_1604698460955{padding-right: 28% !important;}&#8221;][vc_column_text]<\/p>\n<div class=\"title-h2\" style=\"text-align: left;\"><span style=\"font-weight: 400;\">\u00cdrj nek\u00fcnk:<\/span><\/div>\n<p>[\/vc_column_text][\/vc_column_inner][vc_column_inner offset=&#8221;vc_col-lg-12 vc_hidden-md vc_hidden-sm vc_hidden-xs&#8221;]<div class=\"clearboth\"><\/div><style>#thegem-divider-6a044652eca9d {margin-top: 60px !important;}<\/style><div id=\"thegem-divider-6a044652eca9d\" class=\"gem-divider  \" style=\"\" ><\/div>[\/vc_column_inner][vc_column_inner]\n<div class=\"wpcf7 no-js\" id=\"wpcf7-f25029-o1\" lang=\"hu-HU\" dir=\"ltr\">\n<div class=\"screen-reader-response\"><p role=\"status\" aria-live=\"polite\" aria-atomic=\"true\"><\/p> <ul><\/ul><\/div>\n<form action=\"\/hu\/wp-json\/wp\/v2\/pages\/5330#wpcf7-f25029-o1\" method=\"post\" class=\"wpcf7-form init gem-contact-form-white\" aria-label=\"Kapcsolatfelv\u00e9teli \u0171rlap\" novalidate=\"novalidate\" data-status=\"init\">\n<div style=\"display: none;\">\n<input type=\"hidden\" name=\"_wpcf7\" value=\"25029\" \/>\n<input type=\"hidden\" name=\"_wpcf7_version\" value=\"5.8.2\" \/>\n<input type=\"hidden\" name=\"_wpcf7_locale\" value=\"hu_HU\" \/>\n<input type=\"hidden\" name=\"_wpcf7_unit_tag\" value=\"wpcf7-f25029-o1\" \/>\n<input type=\"hidden\" name=\"_wpcf7_container_post\" value=\"0\" \/>\n<input type=\"hidden\" name=\"_wpcf7_posted_data_hash\" value=\"\" \/>\n<\/div>\n<div class=\"row\">\n<div class=\"col-md-4\"><p class=\"gem-form-name\"><span class=\"wpcf7-form-control-wrap\" data-name=\"your-name\"><input size=\"40\" class=\"wpcf7-form-control wpcf7-text wpcf7-validates-as-required\" aria-required=\"true\" aria-invalid=\"false\" placeholder=\"N\u00e9v*\" value=\"\" type=\"text\" name=\"your-name\" \/><\/span><\/p><\/div>\n<div class=\"col-md-4\"><p class=\"gem-form-email\"><span class=\"wpcf7-form-control-wrap\" data-name=\"your-email\"><input size=\"40\" class=\"wpcf7-form-control wpcf7-email wpcf7-validates-as-required wpcf7-text wpcf7-validates-as-email\" aria-required=\"true\" aria-invalid=\"false\" placeholder=\"E-mail*\" value=\"\" type=\"email\" name=\"your-email\" \/><\/span> <\/p><\/div>\n<div class=\"col-md-4\"><p class=\"gem-form-phone\"><span class=\"wpcf7-form-control-wrap\" data-name=\"your-phone\"><input size=\"40\" class=\"wpcf7-form-control wpcf7-tel wpcf7-text wpcf7-validates-as-tel\" aria-invalid=\"false\" placeholder=\"Telefon\" value=\"\" type=\"tel\" name=\"your-phone\" \/><\/span> <\/p><\/div>\n<div class=\"col-md-12 \"><span class=\"wpcf7-form-control-wrap\" data-name=\"your-message\"><textarea cols=\"40\" rows=\"5\" class=\"wpcf7-form-control wpcf7-textarea wpcf7-validates-as-required\" aria-required=\"true\" aria-invalid=\"false\" placeholder=\"\u00dczenet*\" name=\"your-message\"><\/textarea><\/span><\/div>\n<div class=\"col-md-12 \"><style type=\"text\/css\">.thegem-button-6a044653074c95861 .gem-button svg {fill: #FFFFFFFF;}.thegem-button-6a044653074c95861 .gem-button:hover svg {fill: #FFFFFFFF;}<\/style><div class=\"gem-button-container gem-button-position-fullwidth thegem-button-6a044653074c95861\"  ><input class=\"gem-button gem-button-size-medium gem-button-style-flat gem-button-text-weight-normal wpcf7-form-control wpcf7-submit has-spinner gem-button-wpcf-custom\" data-ll-effect=\"drop-right-without-wrap\" style=\"border-radius: 0px;background-color: #0047BBFF;color: #FFFFFFFF;\" onmouseleave=\"this.style.backgroundColor='#0047BBFF';this.style.color='#FFFFFFFF';\" onmouseenter=\"this.style.backgroundColor='#003486FF';this.style.color='#FFFFFFFF';\" id=\"\" tabindex=\"\" type=\"submit\" value=\"\u00dczenet k\u00fcld\u00e9se\" \/><\/div> <\/div>\n<\/div><p style=\"display: none !important;\"><label>&#916;<textarea name=\"_wpcf7_ak_hp_textarea\" cols=\"45\" rows=\"8\" maxlength=\"100\"><\/textarea><\/label><input type=\"hidden\" id=\"ak_js_1\" name=\"_wpcf7_ak_js\" value=\"189\"\/><script>document.getElementById( \"ak_js_1\" ).setAttribute( \"value\", ( new Date() ).getTime() );<\/script><\/p><div class=\"wpcf7-response-output\" aria-hidden=\"true\"><\/div>\n<\/form>\n<\/div>\n[\/vc_column_inner][\/vc_row_inner][\/vc_column][vc_column width=&#8221;1\/3&#8243; offset=&#8221;vc_col-lg-4 vc_col-md-4 vc_hidden-xs&#8221;][\/vc_column][vc_column offset=&#8221;vc_hidden-lg vc_hidden-md vc_hidden-sm vc_col-xs-12&#8243; el_class=&#8221;gem-custom-column-margin-mobile&#8221;]<div class=\"clearboth\"><\/div><div id=\"thegem-divider-6a04465307909\" class=\"gem-divider  \" style=\"\" ><\/div>[\/vc_column][vc_column offset=&#8221;vc_hidden-lg vc_col-md-12 vc_col-xs-12 vc_hidden-xs&#8221;]<div class=\"clearboth\"><\/div><style>#thegem-divider-6a04465307951 {margin-top: 10px !important;}<\/style><div id=\"thegem-divider-6a04465307951\" class=\"gem-divider  \" style=\"\" ><\/div>[\/vc_column][vc_column offset=&#8221;vc_col-lg-12 vc_hidden-md vc_hidden-sm vc_hidden-xs&#8221;]<div class=\"clearboth\"><\/div><style>#thegem-divider-6a0446530797c {margin-top: 80px !important;}<\/style><div id=\"thegem-divider-6a0446530797c\" class=\"gem-divider  \" style=\"\" ><\/div>[\/vc_column][\/vc_row]<\/p>\n<\/section>","protected":false},"excerpt":{"rendered":"<p>[vc_row][vc_column offset=&#8221;vc_col-lg-12 vc_hidden-md vc_hidden-sm&#8221;][\/vc_column][\/vc_row][vc_row css=&#8221;.vc_custom_1603890235023{background-image: url(http:\/\/codex-themes.com\/thegem\/sites\/business-consulting-02\/wp-content\/uploads\/2020\/10\/9.png?id=30) !important;background-position: center !important;background-repeat: no-repeat !important;background-size: contain !important;}&#8221;][vc_column][vc_column_text css_animation=&#8221;bottom-to-top&#8221;] L\u00e9pj vel\u00fcnk kapcsolatba [\/vc_column_text][\/vc_column][vc_column offset=&#8221;vc_hidden-xs&#8221;][\/vc_column][vc_column width=&#8221;1\/2&#8243;][vc_row_inner][vc_column_inner&#8230;<\/p>\n","protected":false},"author":1,"featured_media":0,"parent":0,"menu_order":0,"comment_status":"closed","ping_status":"closed","template":"","meta":{"footnotes":""},"yoast_head":"<!-- This site is optimized with the Yoast SEO plugin v21.5 - https:\/\/yoast.com\/wordpress\/plugins\/seo\/ -->\n<title>Kapcsolat - Care PackAir t\u00e9rkit\u00f6lt\u0151<\/title>\n<meta name=\"description\" content=\"Felmer\u00fcl\u0151 k\u00e9rd\u00e9sek, aj\u00e1nlatk\u00e9r\u00e9s eset\u00e9n keress minket b\u00e1tran az al\u00e1bbi el\u00e9rhet\u0151s\u00e9geinken: +36 70 386 3334 \u00e9s info@carepackair.com\" \/>\n<meta name=\"robots\" content=\"index, follow, max-snippet:-1, max-image-preview:large, max-video-preview:-1\" \/>\n<link rel=\"canonical\" href=\"https:\/\/carepackair.com\/hu\/kapcsolat\/\" \/>\n<meta property=\"og:locale\" content=\"hu_HU\" \/>\n<meta property=\"og:type\" content=\"article\" \/>\n<meta property=\"og:title\" content=\"Kapcsolat - Care PackAir t\u00e9rkit\u00f6lt\u0151\" \/>\n<meta property=\"og:description\" content=\"Felmer\u00fcl\u0151 k\u00e9rd\u00e9sek, aj\u00e1nlatk\u00e9r\u00e9s eset\u00e9n keress minket b\u00e1tran az al\u00e1bbi el\u00e9rhet\u0151s\u00e9geinken: +36 70 386 3334 \u00e9s info@carepackair.com\" \/>\n<meta property=\"og:url\" content=\"https:\/\/carepackair.com\/hu\/kapcsolat\/\" \/>\n<meta property=\"og:site_name\" content=\"Care PackAir t\u00e9rkit\u00f6lt\u0151\" \/>\n<meta property=\"article:modified_time\" content=\"2022-05-07T15:01:19+00:00\" \/>\n<meta name=\"twitter:card\" content=\"summary_large_image\" \/>\n<meta name=\"twitter:label1\" content=\"Becs\u00fclt olvas\u00e1si id\u0151\" \/>\n\t<meta name=\"twitter:data1\" content=\"1 perc\" \/>\n<script type=\"application\/ld+json\" class=\"yoast-schema-graph\">{\"@context\":\"https:\/\/schema.org\",\"@graph\":[{\"@type\":\"WebPage\",\"@id\":\"https:\/\/carepackair.com\/hu\/kapcsolat\/\",\"url\":\"https:\/\/carepackair.com\/hu\/kapcsolat\/\",\"name\":\"Kapcsolat - Care PackAir t\u00e9rkit\u00f6lt\u0151\",\"isPartOf\":{\"@id\":\"https:\/\/carepackair.com\/hu\/#website\"},\"datePublished\":\"2020-10-11T11:33:14+00:00\",\"dateModified\":\"2022-05-07T15:01:19+00:00\",\"description\":\"Felmer\u00fcl\u0151 k\u00e9rd\u00e9sek, aj\u00e1nlatk\u00e9r\u00e9s eset\u00e9n keress minket b\u00e1tran az al\u00e1bbi el\u00e9rhet\u0151s\u00e9geinken: +36 70 386 3334 \u00e9s info@carepackair.com\",\"breadcrumb\":{\"@id\":\"https:\/\/carepackair.com\/hu\/kapcsolat\/#breadcrumb\"},\"inLanguage\":\"hu\",\"potentialAction\":[{\"@type\":\"ReadAction\",\"target\":[\"https:\/\/carepackair.com\/hu\/kapcsolat\/\"]}]},{\"@type\":\"BreadcrumbList\",\"@id\":\"https:\/\/carepackair.com\/hu\/kapcsolat\/#breadcrumb\",\"itemListElement\":[{\"@type\":\"ListItem\",\"position\":1,\"name\":\"Kezd\u0151lap\",\"item\":\"https:\/\/carepackair.com\/hu\/\"},{\"@type\":\"ListItem\",\"position\":2,\"name\":\"Kapcsolat\"}]},{\"@type\":\"WebSite\",\"@id\":\"https:\/\/carepackair.com\/hu\/#website\",\"url\":\"https:\/\/carepackair.com\/hu\/\",\"name\":\"Care PackAir t\u00e9rkit\u00f6lt\u0151\",\"description\":\"T\u00f6meges term\u00e9k csomagol\u00e1s gyorsan, biztons\u00e1gosan, k\u00f6lts\u00e9ghat\u00e9konyan\",\"publisher\":{\"@id\":\"https:\/\/carepackair.com\/hu\/#organization\"},\"potentialAction\":[{\"@type\":\"SearchAction\",\"target\":{\"@type\":\"EntryPoint\",\"urlTemplate\":\"https:\/\/carepackair.com\/hu\/?s={search_term_string}\"},\"query-input\":\"required name=search_term_string\"}],\"inLanguage\":\"hu\"},{\"@type\":\"Organization\",\"@id\":\"https:\/\/carepackair.com\/hu\/#organization\",\"name\":\"Care PackAir\",\"url\":\"https:\/\/carepackair.com\/hu\/\",\"logo\":{\"@type\":\"ImageObject\",\"inLanguage\":\"hu\",\"@id\":\"https:\/\/carepackair.com\/hu\/#\/schema\/logo\/image\/\",\"url\":\"https:\/\/carepackair.com\/wp-content\/uploads\/2020\/11\/CPA_horizontalis_03_kek.png\",\"contentUrl\":\"https:\/\/carepackair.com\/wp-content\/uploads\/2020\/11\/CPA_horizontalis_03_kek.png\",\"width\":830,\"height\":314,\"caption\":\"Care PackAir\"},\"image\":{\"@id\":\"https:\/\/carepackair.com\/hu\/#\/schema\/logo\/image\/\"}}]}<\/script>\n<!-- \/ Yoast SEO plugin. -->","yoast_head_json":{"title":"Kapcsolat - Care PackAir t\u00e9rkit\u00f6lt\u0151","description":"Felmer\u00fcl\u0151 k\u00e9rd\u00e9sek, aj\u00e1nlatk\u00e9r\u00e9s eset\u00e9n keress minket b\u00e1tran az al\u00e1bbi el\u00e9rhet\u0151s\u00e9geinken: +36 70 386 3334 \u00e9s info@carepackair.com","robots":{"index":"index","follow":"follow","max-snippet":"max-snippet:-1","max-image-preview":"max-image-preview:large","max-video-preview":"max-video-preview:-1"},"canonical":"https:\/\/carepackair.com\/hu\/kapcsolat\/","og_locale":"hu_HU","og_type":"article","og_title":"Kapcsolat - Care PackAir t\u00e9rkit\u00f6lt\u0151","og_description":"Felmer\u00fcl\u0151 k\u00e9rd\u00e9sek, aj\u00e1nlatk\u00e9r\u00e9s eset\u00e9n keress minket b\u00e1tran az al\u00e1bbi el\u00e9rhet\u0151s\u00e9geinken: +36 70 386 3334 \u00e9s info@carepackair.com","og_url":"https:\/\/carepackair.com\/hu\/kapcsolat\/","og_site_name":"Care PackAir t\u00e9rkit\u00f6lt\u0151","article_modified_time":"2022-05-07T15:01:19+00:00","twitter_card":"summary_large_image","twitter_misc":{"Becs\u00fclt olvas\u00e1si id\u0151":"1 perc"},"schema":{"@context":"https:\/\/schema.org","@graph":[{"@type":"WebPage","@id":"https:\/\/carepackair.com\/hu\/kapcsolat\/","url":"https:\/\/carepackair.com\/hu\/kapcsolat\/","name":"Kapcsolat - Care PackAir t\u00e9rkit\u00f6lt\u0151","isPartOf":{"@id":"https:\/\/carepackair.com\/hu\/#website"},"datePublished":"2020-10-11T11:33:14+00:00","dateModified":"2022-05-07T15:01:19+00:00","description":"Felmer\u00fcl\u0151 k\u00e9rd\u00e9sek, aj\u00e1nlatk\u00e9r\u00e9s eset\u00e9n keress minket b\u00e1tran az al\u00e1bbi el\u00e9rhet\u0151s\u00e9geinken: +36 70 386 3334 \u00e9s info@carepackair.com","breadcrumb":{"@id":"https:\/\/carepackair.com\/hu\/kapcsolat\/#breadcrumb"},"inLanguage":"hu","potentialAction":[{"@type":"ReadAction","target":["https:\/\/carepackair.com\/hu\/kapcsolat\/"]}]},{"@type":"BreadcrumbList","@id":"https:\/\/carepackair.com\/hu\/kapcsolat\/#breadcrumb","itemListElement":[{"@type":"ListItem","position":1,"name":"Kezd\u0151lap","item":"https:\/\/carepackair.com\/hu\/"},{"@type":"ListItem","position":2,"name":"Kapcsolat"}]},{"@type":"WebSite","@id":"https:\/\/carepackair.com\/hu\/#website","url":"https:\/\/carepackair.com\/hu\/","name":"Care PackAir t\u00e9rkit\u00f6lt\u0151","description":"T\u00f6meges term\u00e9k csomagol\u00e1s gyorsan, biztons\u00e1gosan, k\u00f6lts\u00e9ghat\u00e9konyan","publisher":{"@id":"https:\/\/carepackair.com\/hu\/#organization"},"potentialAction":[{"@type":"SearchAction","target":{"@type":"EntryPoint","urlTemplate":"https:\/\/carepackair.com\/hu\/?s={search_term_string}"},"query-input":"required name=search_term_string"}],"inLanguage":"hu"},{"@type":"Organization","@id":"https:\/\/carepackair.com\/hu\/#organization","name":"Care PackAir","url":"https:\/\/carepackair.com\/hu\/","logo":{"@type":"ImageObject","inLanguage":"hu","@id":"https:\/\/carepackair.com\/hu\/#\/schema\/logo\/image\/","url":"https:\/\/carepackair.com\/wp-content\/uploads\/2020\/11\/CPA_horizontalis_03_kek.png","contentUrl":"https:\/\/carepackair.com\/wp-content\/uploads\/2020\/11\/CPA_horizontalis_03_kek.png","width":830,"height":314,"caption":"Care PackAir"},"image":{"@id":"https:\/\/carepackair.com\/hu\/#\/schema\/logo\/image\/"}}]}},"_links":{"self":[{"href":"https:\/\/carepackair.com\/hu\/wp-json\/wp\/v2\/pages\/5330"}],"collection":[{"href":"https:\/\/carepackair.com\/hu\/wp-json\/wp\/v2\/pages"}],"about":[{"href":"https:\/\/carepackair.com\/hu\/wp-json\/wp\/v2\/types\/page"}],"author":[{"embeddable":true,"href":"https:\/\/carepackair.com\/hu\/wp-json\/wp\/v2\/users\/1"}],"replies":[{"embeddable":true,"href":"https:\/\/carepackair.com\/hu\/wp-json\/wp\/v2\/comments?post=5330"}],"version-history":[{"count":0,"href":"https:\/\/carepackair.com\/hu\/wp-json\/wp\/v2\/pages\/5330\/revisions"}],"wp:attachment":[{"href":"https:\/\/carepackair.com\/hu\/wp-json\/wp\/v2\/media?parent=5330"}],"curies":[{"name":"wp","href":"https:\/\/api.w.org\/{rel}","templated":true}]}}