{"id":4621,"date":"2022-01-11T12:00:56","date_gmt":"2022-01-11T10:00:56","guid":{"rendered":"https:\/\/carepackair.com\/?page_id=4621"},"modified":"2022-05-07T14:53:17","modified_gmt":"2022-05-07T12:53:17","slug":"impresszum","status":"publish","type":"page","link":"https:\/\/carepackair.com\/hu\/impresszum\/","title":{"rendered":"Impresszum"},"content":{"rendered":"<section class=\"wpb-content-wrapper\"><p>[vc_row css=&#8221;.vc_custom_1642169424228{margin-top: 10vh !important;margin-bottom: 20vh !important;}&#8221;][vc_column][vc_column_text]IMPRESSZUM<\/p>\n<p>A weboldalt \u00fczemelteti: CPA Packing Services Kft.<\/p>\n<p>Sz\u00e9khely: 3066 Cserh\u00e1tszentiv\u00e1n, V\u00f6r\u00f6smarty utca 20.<\/p>\n<p>Ad\u00f3sz\u00e1m: 27185849-2-12<\/p>\n<p>C\u00e9gjegyz\u00e9ksz\u00e1m: 12 09 011591<\/p>\n<p>Email c\u00edm: info@carepackair.com[\/vc_column_text][\/vc_column][\/vc_row]<\/p>\n<\/section>","protected":false},"excerpt":{"rendered":"<p>[vc_row css=&#8221;.vc_custom_1642169424228{margin-top: 10vh !important;margin-bottom: 20vh !important;}&#8221;][vc_column][vc_column_text]IMPRESSZUM A weboldalt \u00fczemelteti: CPA Packing Services Kft. Sz\u00e9khely: 3066 Cserh\u00e1tszentiv\u00e1n, V\u00f6r\u00f6smarty utca 20. Ad\u00f3sz\u00e1m:&#8230;<\/p>\n","protected":false},"author":1,"featured_media":0,"parent":0,"menu_order":0,"comment_status":"closed","ping_status":"closed","template":"","meta":{"footnotes":""},"yoast_head":"<!-- This site is optimized with the Yoast SEO plugin v21.5 - https:\/\/yoast.com\/wordpress\/plugins\/seo\/ -->\n<title>Impresszum - Care PackAir t\u00e9rkit\u00f6lt\u0151<\/title>\n<meta name=\"description\" content=\"A weboldalt \u00fczemelteti: CPA Packing Services Kft.\" \/>\n<meta name=\"robots\" content=\"index, follow, max-snippet:-1, max-image-preview:large, max-video-preview:-1\" \/>\n<link rel=\"canonical\" href=\"https:\/\/carepackair.com\/hu\/impresszum\/\" \/>\n<meta property=\"og:locale\" content=\"hu_HU\" \/>\n<meta property=\"og:type\" content=\"article\" \/>\n<meta property=\"og:title\" content=\"Impresszum - Care PackAir t\u00e9rkit\u00f6lt\u0151\" \/>\n<meta property=\"og:description\" content=\"A weboldalt \u00fczemelteti: CPA Packing Services Kft.\" \/>\n<meta property=\"og:url\" content=\"https:\/\/carepackair.com\/hu\/impresszum\/\" \/>\n<meta property=\"og:site_name\" content=\"Care PackAir t\u00e9rkit\u00f6lt\u0151\" \/>\n<meta property=\"article:modified_time\" content=\"2022-05-07T12:53:17+00:00\" \/>\n<meta name=\"twitter:card\" content=\"summary_large_image\" \/>\n<meta name=\"twitter:label1\" content=\"Becs\u00fclt olvas\u00e1si id\u0151\" \/>\n\t<meta name=\"twitter:data1\" content=\"1 perc\" \/>\n<script type=\"application\/ld+json\" class=\"yoast-schema-graph\">{\"@context\":\"https:\/\/schema.org\",\"@graph\":[{\"@type\":\"WebPage\",\"@id\":\"https:\/\/carepackair.com\/hu\/impresszum\/\",\"url\":\"https:\/\/carepackair.com\/hu\/impresszum\/\",\"name\":\"Impresszum - Care PackAir t\u00e9rkit\u00f6lt\u0151\",\"isPartOf\":{\"@id\":\"https:\/\/carepackair.com\/hu\/#website\"},\"datePublished\":\"2022-01-11T10:00:56+00:00\",\"dateModified\":\"2022-05-07T12:53:17+00:00\",\"description\":\"A weboldalt \u00fczemelteti: CPA Packing Services Kft.\",\"breadcrumb\":{\"@id\":\"https:\/\/carepackair.com\/hu\/impresszum\/#breadcrumb\"},\"inLanguage\":\"hu\",\"potentialAction\":[{\"@type\":\"ReadAction\",\"target\":[\"https:\/\/carepackair.com\/hu\/impresszum\/\"]}]},{\"@type\":\"BreadcrumbList\",\"@id\":\"https:\/\/carepackair.com\/hu\/impresszum\/#breadcrumb\",\"itemListElement\":[{\"@type\":\"ListItem\",\"position\":1,\"name\":\"Kezd\u0151lap\",\"item\":\"https:\/\/carepackair.com\/hu\/\"},{\"@type\":\"ListItem\",\"position\":2,\"name\":\"Impresszum\"}]},{\"@type\":\"WebSite\",\"@id\":\"https:\/\/carepackair.com\/hu\/#website\",\"url\":\"https:\/\/carepackair.com\/hu\/\",\"name\":\"Care PackAir t\u00e9rkit\u00f6lt\u0151\",\"description\":\"T\u00f6meges term\u00e9k csomagol\u00e1s gyorsan, biztons\u00e1gosan, k\u00f6lts\u00e9ghat\u00e9konyan\",\"publisher\":{\"@id\":\"https:\/\/carepackair.com\/hu\/#organization\"},\"potentialAction\":[{\"@type\":\"SearchAction\",\"target\":{\"@type\":\"EntryPoint\",\"urlTemplate\":\"https:\/\/carepackair.com\/hu\/?s={search_term_string}\"},\"query-input\":\"required name=search_term_string\"}],\"inLanguage\":\"hu\"},{\"@type\":\"Organization\",\"@id\":\"https:\/\/carepackair.com\/hu\/#organization\",\"name\":\"Care PackAir\",\"url\":\"https:\/\/carepackair.com\/hu\/\",\"logo\":{\"@type\":\"ImageObject\",\"inLanguage\":\"hu\",\"@id\":\"https:\/\/carepackair.com\/hu\/#\/schema\/logo\/image\/\",\"url\":\"https:\/\/carepackair.com\/wp-content\/uploads\/2020\/11\/CPA_horizontalis_03_kek.png\",\"contentUrl\":\"https:\/\/carepackair.com\/wp-content\/uploads\/2020\/11\/CPA_horizontalis_03_kek.png\",\"width\":830,\"height\":314,\"caption\":\"Care PackAir\"},\"image\":{\"@id\":\"https:\/\/carepackair.com\/hu\/#\/schema\/logo\/image\/\"}}]}<\/script>\n<!-- \/ Yoast SEO plugin. -->","yoast_head_json":{"title":"Impresszum - Care PackAir t\u00e9rkit\u00f6lt\u0151","description":"A weboldalt \u00fczemelteti: CPA Packing Services Kft.","robots":{"index":"index","follow":"follow","max-snippet":"max-snippet:-1","max-image-preview":"max-image-preview:large","max-video-preview":"max-video-preview:-1"},"canonical":"https:\/\/carepackair.com\/hu\/impresszum\/","og_locale":"hu_HU","og_type":"article","og_title":"Impresszum - Care PackAir t\u00e9rkit\u00f6lt\u0151","og_description":"A weboldalt \u00fczemelteti: CPA Packing Services Kft.","og_url":"https:\/\/carepackair.com\/hu\/impresszum\/","og_site_name":"Care PackAir t\u00e9rkit\u00f6lt\u0151","article_modified_time":"2022-05-07T12:53:17+00:00","twitter_card":"summary_large_image","twitter_misc":{"Becs\u00fclt olvas\u00e1si id\u0151":"1 perc"},"schema":{"@context":"https:\/\/schema.org","@graph":[{"@type":"WebPage","@id":"https:\/\/carepackair.com\/hu\/impresszum\/","url":"https:\/\/carepackair.com\/hu\/impresszum\/","name":"Impresszum - Care PackAir t\u00e9rkit\u00f6lt\u0151","isPartOf":{"@id":"https:\/\/carepackair.com\/hu\/#website"},"datePublished":"2022-01-11T10:00:56+00:00","dateModified":"2022-05-07T12:53:17+00:00","description":"A weboldalt \u00fczemelteti: CPA Packing Services Kft.","breadcrumb":{"@id":"https:\/\/carepackair.com\/hu\/impresszum\/#breadcrumb"},"inLanguage":"hu","potentialAction":[{"@type":"ReadAction","target":["https:\/\/carepackair.com\/hu\/impresszum\/"]}]},{"@type":"BreadcrumbList","@id":"https:\/\/carepackair.com\/hu\/impresszum\/#breadcrumb","itemListElement":[{"@type":"ListItem","position":1,"name":"Kezd\u0151lap","item":"https:\/\/carepackair.com\/hu\/"},{"@type":"ListItem","position":2,"name":"Impresszum"}]},{"@type":"WebSite","@id":"https:\/\/carepackair.com\/hu\/#website","url":"https:\/\/carepackair.com\/hu\/","name":"Care PackAir t\u00e9rkit\u00f6lt\u0151","description":"T\u00f6meges term\u00e9k csomagol\u00e1s gyorsan, biztons\u00e1gosan, k\u00f6lts\u00e9ghat\u00e9konyan","publisher":{"@id":"https:\/\/carepackair.com\/hu\/#organization"},"potentialAction":[{"@type":"SearchAction","target":{"@type":"EntryPoint","urlTemplate":"https:\/\/carepackair.com\/hu\/?s={search_term_string}"},"query-input":"required name=search_term_string"}],"inLanguage":"hu"},{"@type":"Organization","@id":"https:\/\/carepackair.com\/hu\/#organization","name":"Care PackAir","url":"https:\/\/carepackair.com\/hu\/","logo":{"@type":"ImageObject","inLanguage":"hu","@id":"https:\/\/carepackair.com\/hu\/#\/schema\/logo\/image\/","url":"https:\/\/carepackair.com\/wp-content\/uploads\/2020\/11\/CPA_horizontalis_03_kek.png","contentUrl":"https:\/\/carepackair.com\/wp-content\/uploads\/2020\/11\/CPA_horizontalis_03_kek.png","width":830,"height":314,"caption":"Care PackAir"},"image":{"@id":"https:\/\/carepackair.com\/hu\/#\/schema\/logo\/image\/"}}]}},"_links":{"self":[{"href":"https:\/\/carepackair.com\/hu\/wp-json\/wp\/v2\/pages\/4621"}],"collection":[{"href":"https:\/\/carepackair.com\/hu\/wp-json\/wp\/v2\/pages"}],"about":[{"href":"https:\/\/carepackair.com\/hu\/wp-json\/wp\/v2\/types\/page"}],"author":[{"embeddable":true,"href":"https:\/\/carepackair.com\/hu\/wp-json\/wp\/v2\/users\/1"}],"replies":[{"embeddable":true,"href":"https:\/\/carepackair.com\/hu\/wp-json\/wp\/v2\/comments?post=4621"}],"version-history":[{"count":0,"href":"https:\/\/carepackair.com\/hu\/wp-json\/wp\/v2\/pages\/4621\/revisions"}],"wp:attachment":[{"href":"https:\/\/carepackair.com\/hu\/wp-json\/wp\/v2\/media?parent=4621"}],"curies":[{"name":"wp","href":"https:\/\/api.w.org\/{rel}","templated":true}]}}