{"id":4530,"date":"2020-12-28T07:29:01","date_gmt":"2020-12-28T07:29:01","guid":{"rendered":"http:\/\/democontent.codex-themes.com\/sites\/business-services-01\/?page_id=4530"},"modified":"2022-08-01T01:33:14","modified_gmt":"2022-07-31T23:33:14","slug":"rolunk","status":"publish","type":"page","link":"https:\/\/carepackair.com\/hu\/rolunk\/","title":{"rendered":"R\u00f3lunk"},"content":{"rendered":"<section class=\"wpb-content-wrapper\"><p>[vc_row full_width=&#8221;stretch_row&#8221; css=&#8221;.vc_custom_1650542429669{margin-top: -26px !important;margin-bottom: 0px !important;}&#8221; el_class=&#8221;gem-custom-z-index&#8221;][vc_column offset=&#8221;vc_hidden-lg vc_hidden-md vc_hidden-sm vc_col-xs-12&#8243;]<div class=\"clearboth\"><\/div><style>#thegem-divider-6a01a39eaabfd {margin-top: 30px !important;}<\/style><div id=\"thegem-divider-6a01a39eaabfd\" class=\"gem-divider  \" style=\"\" ><\/div>[\/vc_column][vc_column]<div class=\"clearboth\"><\/div><style>#thegem-divider-6a01a39eab657 {margin-top: 70px !important;}<\/style><div id=\"thegem-divider-6a01a39eab657\" class=\"gem-divider  gem-devider-none-mobile\" style=\"\" ><\/div>[\/vc_column][vc_column css=&#8221;.vc_custom_1605471115739{padding-top: 10px !important;}&#8221; offset=&#8221;vc_col-lg-12 vc_hidden-md vc_hidden-sm vc_hidden-xs&#8221;]<div class=\"clearboth\"><\/div><div id=\"thegem-divider-6a01a39eab693\" class=\"gem-divider  \" style=\"\" ><\/div>[\/vc_column][vc_column width=&#8221;1\/2&#8243; el_class=&#8221;gem-custom-column-responsive-margin&#8221;][vc_column_text]<\/p>\n<h4 class=\"title-h4\">A Care Pack Air t\u00e9rkit\u00f6lt\u0151 term\u00e9kcsal\u00e1d l\u00e9trehoz\u00e1s\u00e1val c\u00e9lunk volt egy, a piacon l\u00e9v\u0151kn\u00e9l hat\u00e9konyabban alkalmazhat\u00f3 t\u00e9rkit\u00f6lt\u0151 megalkot\u00e1sa, amellyel \u00fagy tudunk biztons\u00e1gosan \u00e9s gyorsan csomagolni, hogy k\u00f6zben:<\/h4>\n<p>[\/vc_column_text][\/vc_column][vc_column width=&#8221;1\/2&#8243; el_class=&#8221;gem-custom-column-responsive-margin&#8221;][vc_column_text]<\/p>\n<ul>\n<li aria-level=\"1\">kevesebb alapanyag felhaszn\u00e1l\u00e1s\u00e1val kevesebb hullad\u00e9kot termel\u00fcnk;<\/li>\n<li aria-level=\"1\">a l\u00e9trej\u00f6v\u0151 hullad\u00e9kot 100% m\u00e9rt\u00e9kben \u00fajrahasznos\u00edthat\u00f3v\u00e1 tessz\u00fck;<\/li>\n<li aria-level=\"1\">a munkafolyamatok sz\u00e1m\u00e1nak cs\u00f6kkent\u00e9s\u00e9vel, kisebb helyig\u00e9ny mellett, kevesebb sz\u00e1m\u00fa munkaer\u0151vel tudunk a piacon l\u00e9v\u0151 t\u00e9rkit\u00f6lt\u0151 megold\u00e1sokkal szemben gyorsabban csomagolni;<\/li>\n<li aria-level=\"1\">a kevesebb munkafolyamat \u00e1ltal tervezhet\u0151, kisz\u00e1m\u00edthat\u00f3, azaz standardiz\u00e1lhat\u00f3 a csomagol\u00e1s tev\u00e9kenys\u00e9ge;<\/li>\n<li aria-level=\"1\">gazdas\u00e1gosabb\u00e1, olcs\u00f3bb\u00e1 tessz\u00fck a teljes \u00e9s min\u0151s\u00e9gi\u00a0 csomagol\u00e1s\/t\u00e9rkit\u00f6lt\u00e9s folyamat\u00e1t.<\/li>\n<\/ul>\n<p>[\/vc_column_text][\/vc_column][vc_column offset=&#8221;vc_hidden-lg vc_hidden-md vc_hidden-sm vc_col-xs-12&#8243;]<div class=\"clearboth\"><\/div><style>#thegem-divider-6a01a39eab6c0 {margin-top: 5px !important;}<\/style><div id=\"thegem-divider-6a01a39eab6c0\" class=\"gem-divider  \" style=\"\" ><\/div>[\/vc_column][vc_column offset=&#8221;vc_hidden-xs&#8221;]<div class=\"clearboth\"><\/div><style>#thegem-divider-6a01a39eab6e7 {margin-top: 55px !important;}<\/style><div id=\"thegem-divider-6a01a39eab6e7\" class=\"gem-divider  \" style=\"\" ><\/div>[\/vc_column][\/vc_row][vc_row content_placement=&#8221;middle&#8221; css=&#8221;.vc_custom_1659309381268{background-position: center !important;background-repeat: no-repeat !important;background-size: cover !important;}&#8221;][vc_column css=&#8221;.vc_custom_1643388010736{margin-top: 0px !important;margin-bottom: 0px !important;padding-top: 0px !important;}&#8221; el_class=&#8221;nomargin&#8221;]<div class=\"thegem-te-heading thegem-custom-6a01a39eabc78132\" ><script type=\"text\/javascript\">(function() {function TheGemHeading() {this.animateClass = 'thegem-heading-animate';this.animatedClass = 'thegem-heading-animated';}TheGemHeading.prototype = {initialize: function () {let items =document.querySelectorAll('.'+this.animateClass);items.forEach((item)=>{if (this.isElementVisible(item)) {this.prepareAnimation(item);this.startAnimation(item);}});if ('IntersectionObserver' in window) {let intersectionObserver = new IntersectionObserver((entries)=>{entries.forEach((entry)=> {if (entry.isIntersecting) {this.startAnimation(entry.target);intersectionObserver.unobserve(entry.target);}});});items.forEach((item)=>{intersectionObserver.observe(item);this.prepareAnimation(item);});} else {items.forEach((item)=>{this.prepareAnimation(item);this.startAnimation(item);});}},isElementVisible: function (element) {let rect= element.getBoundingClientRect(),width= window.innerWidth || document.documentElement.clientWidth,height = window.innerHeight || document.documentElement.clientHeight,efp= (x, y) => document.elementFromPoint(x, y);if (rect.right < 0 || rect.bottom < 0 || rect.left > width || rect.top > height) return false;return (element.contains(efp(rect.left,rect.top)) ||element.contains(efp(rect.right, rect.top)) ||element.contains(efp(rect.right, rect.bottom)) ||element.contains(efp(rect.left,rect.bottom)));},startAnimation: function (element) {if (element && !element.classList.contains(this.animatedClass)) {element.classList.add(this.animatedClass);element.classList.remove(this.animateClass);element.dispatchEvent(new Event('theGemHeading.startAnimation', {bubbles: true}));}},prepareAnimation: function (element) {if (element && !element.isPreparedAnimation) {element.dispatchEvent(new Event('theGemHeading.prepareAnimation', {bubbles: true}));element.isPreparedAnimation = true;}}};window.theGemHeading = new TheGemHeading();document.addEventListener('DOMContentLoaded', function() {window.theGemHeading.initialize();});})();<\/script><h4 id=\"thegem-heading-6a01a39eab807\" class=\"thegem-heading words-slide-up thegem-heading-animate\" style=\"text-align: center;\" ><span class=\"thegem-heading-word-wrap\"><span class=\"colored thegem-heading-word\" style=\"color: #ffffff; animation-delay: 60ms\">Bemutat\u00f3<\/span><\/span> <span class=\"thegem-heading-word-wrap\"><span class=\"colored thegem-heading-word\" style=\"color: #ffffff; animation-delay: 120ms\">vide\u00f3<\/span><\/span><\/h4><style type=\"text\/css\">#thegem-heading-6a01a39eab807 {margin: 0;}#thegem-heading-6a01a39eab807 {margin-left: auto; margin-right: auto;}#thegem-heading-6a01a39eab807 > * {justify-content: center;}#thegem-heading-6a01a39eab807 a:hover, #thegem-heading-6a01a39eab807 a:hover span.colored {color: var(--thegem-to-menu-level1-color-hover, #00BCD4) !important;}<\/style><\/div><style>@media screen and (max-width: 1023px) {.thegem-te-heading.thegem-custom-6a01a39eabc78132{display: block!important;}}@media screen and (max-width: 767px) {.thegem-te-heading.thegem-custom-6a01a39eabc78132{display: block!important;}}@media screen and (max-width: 1023px) {.thegem-te-heading.thegem-custom-6a01a39eabc78132{position: relative !important;}}@media screen and (max-width: 767px) {.thegem-te-heading.thegem-custom-6a01a39eabc78132{position: relative !important;}}<\/style><div class=\"clearboth\"><\/div><style>#thegem-divider-6a01a39eabcff {margin-top: 55px !important;}<\/style><div id=\"thegem-divider-6a01a39eabcff\" class=\"gem-divider  \" style=\"\" ><\/div><div class=\"eb-video-popup\" style=\"background: #000000\" data-video=\"https:\/\/carepackair.com\/wp-content\/uploads\/2022\/07\/CPA-v2-medium.mp4\" data-webm=\"\"><div class=\"eb-video-preview\" style=\"background-image: url('https:\/\/carepackair.com\/wp-content\/uploads\/2022\/07\/video-thumb-1280.jpg');\"><\/div><div class=\"eb-video-wrapper\"><a href=\"#\"><\/a><span class=\"eb-play-button\"><svg style=\"fill: #ffffff !important;\" xmlns=\"http:\/\/www.w3.org\/2000\/svg\" width=\"50\" height=\"50\" viewBox=\"0 0 40 40\"><path d=\"M16 29l12-9-12-9v18zm4-29C8.95 0 0 8.95 0 20s8.95 20 20 20 20-8.95 20-20S31.05 0 20 0zm0 36c-8.82 0-16-7.18-16-16S11.18 4 20 4s16 7.18 16 16-7.18 16-16 16z\"\/><\/svg><\/span><\/div><\/div>[\/vc_column][\/vc_row][vc_row full_width=&#8221;stretch_row_content_no_spaces&#8221; content_placement=&#8221;middle&#8221; parallax=&#8221;content-moving&#8221; css=&#8221;.vc_custom_1643286812471{margin-bottom: 0px !important;background-color: #ffffff !important;background-position: 0 0;background-repeat:-repeat !important;}&#8221;][vc_column css_animation=&#8221;bottom-to-top&#8221; offset=&#8221;vc_col-lg-offset-3 vc_col-lg-6 vc_col-md-offset-3 vc_col-md-6&#8243; css=&#8221;.vc_custom_1651964082587{padding-right: 11% !important;padding-left: 11% !important;}&#8221;][vc_row_inner][vc_column_inner offset=&#8221;vc_hidden-xs&#8221;]<div class=\"clearboth\"><\/div><style>#thegem-divider-6a01a39eac59a {margin-top: 95px !important;}<\/style><div id=\"thegem-divider-6a01a39eac59a\" class=\"gem-divider  \" style=\"\" ><\/div>[\/vc_column_inner][\/vc_row_inner][vc_column_text]<b>A Care PackAir t\u00e9rkit\u00f6lt\u0151 alkalmaz\u00e1s\u00e1val a csomagol\u00e1s folyamata jelent\u0151sen ler\u00f6vid\u00fcl. <\/b><span style=\"font-weight: 400;\">A csomagol\u00e1si folyamat standardiz\u00e1l\u00e1sa \u00e1ltal <\/span><b>a dobozba ker\u00fcl\u0151 term\u00e9k biztons\u00e1gosan t\u00f6rt\u00e9n\u0151 becsomagol\u00e1sa m\u00e9ret\u00e9t\u0151l, darabsz\u00e1m\u00e1t\u00f3l f\u00fcggetlen\u00fcl ugyanannyi id\u0151be telik<\/b><span style=\"font-weight: 400;\">,<\/span><b> \u00edgy annak munkaer\u0151 \u00e9s k\u00f6lts\u00e9gig\u00e9nye az egy\u00e9b t\u00e9rkit\u00f6lt\u0151 megold\u00e1sokkal szemben jobban tervezhet\u0151 (standardiz\u00e1lhat\u00f3).<\/b><span style=\"font-weight: 400;\"> Ennek eredm\u00e9nyek\u00e9ppen a csomagol\u00e1s folyamata gyorsabb\u00e1, \u00edgy k\u00f6lts\u00e9ghat\u00e9konny\u00e1 v\u00e1lik,\u00a0 kisebb sz\u00e1m\u00fa munkaer\u0151 bevon\u00e1s\u00e1val is elv\u00e9gezhet\u0151.<\/span>[\/vc_column_text][vc_row_inner][vc_column_inner]<div class=\"clearboth\"><\/div><style>#thegem-divider-6a01a39eac5ce {margin-top: 130px !important;}<\/style><div id=\"thegem-divider-6a01a39eac5ce\" class=\"gem-divider  \" style=\"\" ><\/div>[\/vc_column_inner][\/vc_row_inner][\/vc_column][\/vc_row]<\/p>\n<\/section>","protected":false},"excerpt":{"rendered":"<p>[vc_row full_width=&#8221;stretch_row&#8221; css=&#8221;.vc_custom_1650542429669{margin-top: -26px !important;margin-bottom: 0px !important;}&#8221; el_class=&#8221;gem-custom-z-index&#8221;][vc_column offset=&#8221;vc_hidden-lg vc_hidden-md vc_hidden-sm vc_col-xs-12&#8243;][\/vc_column][vc_column][\/vc_column][vc_column css=&#8221;.vc_custom_1605471115739{padding-top: 10px !important;}&#8221; offset=&#8221;vc_col-lg-12 vc_hidden-md vc_hidden-sm vc_hidden-xs&#8221;][\/vc_column][vc_column width=&#8221;1\/2&#8243;&#8230;<\/p>\n","protected":false},"author":1,"featured_media":0,"parent":0,"menu_order":1,"comment_status":"closed","ping_status":"closed","template":"","meta":{"footnotes":""},"yoast_head":"<!-- This site is optimized with the Yoast SEO plugin v21.5 - https:\/\/yoast.com\/wordpress\/plugins\/seo\/ -->\n<title>R\u00f3lunk - Care PackAir t\u00e9rkit\u00f6lt\u0151<\/title>\n<meta name=\"description\" content=\"A Care Pack Air t\u00e9rkit\u00f6lt\u0151 term\u00e9kcsal\u00e1d l\u00e9trehoz\u00e1s\u00e1val c\u00e9lunk volt egy, a piacon l\u00e9v\u0151kn\u00e9l hat\u00e9konyabban alkalmazhat\u00f3 t\u00e9rkit\u00f6lt\u0151 megalkot\u00e1sa.\" \/>\n<meta name=\"robots\" content=\"index, follow, max-snippet:-1, max-image-preview:large, max-video-preview:-1\" \/>\n<link rel=\"canonical\" href=\"https:\/\/carepackair.com\/hu\/rolunk\/\" \/>\n<meta property=\"og:locale\" content=\"hu_HU\" \/>\n<meta property=\"og:type\" content=\"article\" \/>\n<meta property=\"og:title\" content=\"R\u00f3lunk - Care PackAir t\u00e9rkit\u00f6lt\u0151\" \/>\n<meta property=\"og:description\" content=\"A Care Pack Air t\u00e9rkit\u00f6lt\u0151 term\u00e9kcsal\u00e1d l\u00e9trehoz\u00e1s\u00e1val c\u00e9lunk volt egy, a piacon l\u00e9v\u0151kn\u00e9l hat\u00e9konyabban alkalmazhat\u00f3 t\u00e9rkit\u00f6lt\u0151 megalkot\u00e1sa.\" \/>\n<meta property=\"og:url\" content=\"https:\/\/carepackair.com\/hu\/rolunk\/\" \/>\n<meta property=\"og:site_name\" content=\"Care PackAir t\u00e9rkit\u00f6lt\u0151\" \/>\n<meta property=\"article:modified_time\" content=\"2022-07-31T23:33:14+00:00\" \/>\n<meta name=\"twitter:card\" content=\"summary_large_image\" \/>\n<meta name=\"twitter:label1\" content=\"Becs\u00fclt olvas\u00e1si id\u0151\" \/>\n\t<meta name=\"twitter:data1\" content=\"2 perc\" \/>\n<script type=\"application\/ld+json\" class=\"yoast-schema-graph\">{\"@context\":\"https:\/\/schema.org\",\"@graph\":[{\"@type\":\"WebPage\",\"@id\":\"https:\/\/carepackair.com\/hu\/rolunk\/\",\"url\":\"https:\/\/carepackair.com\/hu\/rolunk\/\",\"name\":\"R\u00f3lunk - Care PackAir t\u00e9rkit\u00f6lt\u0151\",\"isPartOf\":{\"@id\":\"https:\/\/carepackair.com\/hu\/#website\"},\"datePublished\":\"2020-12-28T07:29:01+00:00\",\"dateModified\":\"2022-07-31T23:33:14+00:00\",\"description\":\"A Care Pack Air t\u00e9rkit\u00f6lt\u0151 term\u00e9kcsal\u00e1d l\u00e9trehoz\u00e1s\u00e1val c\u00e9lunk volt egy, a piacon l\u00e9v\u0151kn\u00e9l hat\u00e9konyabban alkalmazhat\u00f3 t\u00e9rkit\u00f6lt\u0151 megalkot\u00e1sa.\",\"breadcrumb\":{\"@id\":\"https:\/\/carepackair.com\/hu\/rolunk\/#breadcrumb\"},\"inLanguage\":\"hu\",\"potentialAction\":[{\"@type\":\"ReadAction\",\"target\":[\"https:\/\/carepackair.com\/hu\/rolunk\/\"]}]},{\"@type\":\"BreadcrumbList\",\"@id\":\"https:\/\/carepackair.com\/hu\/rolunk\/#breadcrumb\",\"itemListElement\":[{\"@type\":\"ListItem\",\"position\":1,\"name\":\"Kezd\u0151lap\",\"item\":\"https:\/\/carepackair.com\/hu\/\"},{\"@type\":\"ListItem\",\"position\":2,\"name\":\"R\u00f3lunk\"}]},{\"@type\":\"WebSite\",\"@id\":\"https:\/\/carepackair.com\/hu\/#website\",\"url\":\"https:\/\/carepackair.com\/hu\/\",\"name\":\"Care PackAir t\u00e9rkit\u00f6lt\u0151\",\"description\":\"T\u00f6meges term\u00e9k csomagol\u00e1s gyorsan, biztons\u00e1gosan, k\u00f6lts\u00e9ghat\u00e9konyan\",\"publisher\":{\"@id\":\"https:\/\/carepackair.com\/hu\/#organization\"},\"potentialAction\":[{\"@type\":\"SearchAction\",\"target\":{\"@type\":\"EntryPoint\",\"urlTemplate\":\"https:\/\/carepackair.com\/hu\/?s={search_term_string}\"},\"query-input\":\"required name=search_term_string\"}],\"inLanguage\":\"hu\"},{\"@type\":\"Organization\",\"@id\":\"https:\/\/carepackair.com\/hu\/#organization\",\"name\":\"Care PackAir\",\"url\":\"https:\/\/carepackair.com\/hu\/\",\"logo\":{\"@type\":\"ImageObject\",\"inLanguage\":\"hu\",\"@id\":\"https:\/\/carepackair.com\/hu\/#\/schema\/logo\/image\/\",\"url\":\"https:\/\/carepackair.com\/wp-content\/uploads\/2020\/11\/CPA_horizontalis_03_kek.png\",\"contentUrl\":\"https:\/\/carepackair.com\/wp-content\/uploads\/2020\/11\/CPA_horizontalis_03_kek.png\",\"width\":830,\"height\":314,\"caption\":\"Care PackAir\"},\"image\":{\"@id\":\"https:\/\/carepackair.com\/hu\/#\/schema\/logo\/image\/\"}}]}<\/script>\n<!-- \/ Yoast SEO plugin. -->","yoast_head_json":{"title":"R\u00f3lunk - Care PackAir t\u00e9rkit\u00f6lt\u0151","description":"A Care Pack Air t\u00e9rkit\u00f6lt\u0151 term\u00e9kcsal\u00e1d l\u00e9trehoz\u00e1s\u00e1val c\u00e9lunk volt egy, a piacon l\u00e9v\u0151kn\u00e9l hat\u00e9konyabban alkalmazhat\u00f3 t\u00e9rkit\u00f6lt\u0151 megalkot\u00e1sa.","robots":{"index":"index","follow":"follow","max-snippet":"max-snippet:-1","max-image-preview":"max-image-preview:large","max-video-preview":"max-video-preview:-1"},"canonical":"https:\/\/carepackair.com\/hu\/rolunk\/","og_locale":"hu_HU","og_type":"article","og_title":"R\u00f3lunk - Care PackAir t\u00e9rkit\u00f6lt\u0151","og_description":"A Care Pack Air t\u00e9rkit\u00f6lt\u0151 term\u00e9kcsal\u00e1d l\u00e9trehoz\u00e1s\u00e1val c\u00e9lunk volt egy, a piacon l\u00e9v\u0151kn\u00e9l hat\u00e9konyabban alkalmazhat\u00f3 t\u00e9rkit\u00f6lt\u0151 megalkot\u00e1sa.","og_url":"https:\/\/carepackair.com\/hu\/rolunk\/","og_site_name":"Care PackAir t\u00e9rkit\u00f6lt\u0151","article_modified_time":"2022-07-31T23:33:14+00:00","twitter_card":"summary_large_image","twitter_misc":{"Becs\u00fclt olvas\u00e1si id\u0151":"2 perc"},"schema":{"@context":"https:\/\/schema.org","@graph":[{"@type":"WebPage","@id":"https:\/\/carepackair.com\/hu\/rolunk\/","url":"https:\/\/carepackair.com\/hu\/rolunk\/","name":"R\u00f3lunk - Care PackAir t\u00e9rkit\u00f6lt\u0151","isPartOf":{"@id":"https:\/\/carepackair.com\/hu\/#website"},"datePublished":"2020-12-28T07:29:01+00:00","dateModified":"2022-07-31T23:33:14+00:00","description":"A Care Pack Air t\u00e9rkit\u00f6lt\u0151 term\u00e9kcsal\u00e1d l\u00e9trehoz\u00e1s\u00e1val c\u00e9lunk volt egy, a piacon l\u00e9v\u0151kn\u00e9l hat\u00e9konyabban alkalmazhat\u00f3 t\u00e9rkit\u00f6lt\u0151 megalkot\u00e1sa.","breadcrumb":{"@id":"https:\/\/carepackair.com\/hu\/rolunk\/#breadcrumb"},"inLanguage":"hu","potentialAction":[{"@type":"ReadAction","target":["https:\/\/carepackair.com\/hu\/rolunk\/"]}]},{"@type":"BreadcrumbList","@id":"https:\/\/carepackair.com\/hu\/rolunk\/#breadcrumb","itemListElement":[{"@type":"ListItem","position":1,"name":"Kezd\u0151lap","item":"https:\/\/carepackair.com\/hu\/"},{"@type":"ListItem","position":2,"name":"R\u00f3lunk"}]},{"@type":"WebSite","@id":"https:\/\/carepackair.com\/hu\/#website","url":"https:\/\/carepackair.com\/hu\/","name":"Care PackAir t\u00e9rkit\u00f6lt\u0151","description":"T\u00f6meges term\u00e9k csomagol\u00e1s gyorsan, biztons\u00e1gosan, k\u00f6lts\u00e9ghat\u00e9konyan","publisher":{"@id":"https:\/\/carepackair.com\/hu\/#organization"},"potentialAction":[{"@type":"SearchAction","target":{"@type":"EntryPoint","urlTemplate":"https:\/\/carepackair.com\/hu\/?s={search_term_string}"},"query-input":"required name=search_term_string"}],"inLanguage":"hu"},{"@type":"Organization","@id":"https:\/\/carepackair.com\/hu\/#organization","name":"Care PackAir","url":"https:\/\/carepackair.com\/hu\/","logo":{"@type":"ImageObject","inLanguage":"hu","@id":"https:\/\/carepackair.com\/hu\/#\/schema\/logo\/image\/","url":"https:\/\/carepackair.com\/wp-content\/uploads\/2020\/11\/CPA_horizontalis_03_kek.png","contentUrl":"https:\/\/carepackair.com\/wp-content\/uploads\/2020\/11\/CPA_horizontalis_03_kek.png","width":830,"height":314,"caption":"Care PackAir"},"image":{"@id":"https:\/\/carepackair.com\/hu\/#\/schema\/logo\/image\/"}}]}},"_links":{"self":[{"href":"https:\/\/carepackair.com\/hu\/wp-json\/wp\/v2\/pages\/4530"}],"collection":[{"href":"https:\/\/carepackair.com\/hu\/wp-json\/wp\/v2\/pages"}],"about":[{"href":"https:\/\/carepackair.com\/hu\/wp-json\/wp\/v2\/types\/page"}],"author":[{"embeddable":true,"href":"https:\/\/carepackair.com\/hu\/wp-json\/wp\/v2\/users\/1"}],"replies":[{"embeddable":true,"href":"https:\/\/carepackair.com\/hu\/wp-json\/wp\/v2\/comments?post=4530"}],"version-history":[{"count":5,"href":"https:\/\/carepackair.com\/hu\/wp-json\/wp\/v2\/pages\/4530\/revisions"}],"predecessor-version":[{"id":25228,"href":"https:\/\/carepackair.com\/hu\/wp-json\/wp\/v2\/pages\/4530\/revisions\/25228"}],"wp:attachment":[{"href":"https:\/\/carepackair.com\/hu\/wp-json\/wp\/v2\/media?parent=4530"}],"curies":[{"name":"wp","href":"https:\/\/api.w.org\/{rel}","templated":true}]}}