{"id":25462,"date":"2024-06-20T18:00:37","date_gmt":"2024-06-20T16:00:37","guid":{"rendered":"https:\/\/carepackair.com\/?page_id=25462"},"modified":"2024-06-20T18:05:28","modified_gmt":"2024-06-20T16:05:28","slug":"care-packair-comfort","status":"publish","type":"page","link":"https:\/\/carepackair.com\/hu\/care-packair-comfort\/","title":{"rendered":"Care PackAir Comfort"},"content":{"rendered":"<section class=\"wpb-content-wrapper\"><p>[vc_row equal_height=&#8221;yes&#8221; el_class=&#8221;flex-reverse&#8221;][vc_column offset=&#8221;vc_col-lg-12&#8243;]<div class=\"clearboth\"><\/div><style>#thegem-divider-6a01a4ec457ad {margin-top: 130px !important;}<\/style><div id=\"thegem-divider-6a01a4ec457ad\" class=\"gem-divider  \" style=\"\" ><\/div>[vc_column_text]<\/p>\n<h1>Care PackAir Comfort<\/h1>\n<h2>Nagy terek kit\u00f6lt\u00e9se egyszer\u0171en<\/h2>\n<p>[\/vc_column_text]<div class=\"clearboth\"><\/div><style>#thegem-divider-6a01a4ec4595f {margin-bottom: 100px !important;}<\/style><div id=\"thegem-divider-6a01a4ec4595f\" class=\"gem-divider  \" style=\"\" ><\/div>[\/vc_column][\/vc_row][vc_row content_placement=&#8221;middle&#8221; css=&#8221;.vc_custom_1702464594186{margin-bottom: 0px !important;border-bottom-width: 0px !important;padding-bottom: 0px !important;}&#8221; el_class=&#8221;flex-reverse nomargin&#8221;][vc_column width=&#8221;1\/2&#8243; css=&#8221;.vc_custom_1702459944547{margin-bottom: 0px !important;border-bottom-width: 0px !important;padding-bottom: 0px !important;}&#8221;]<div class=\"thegem-te-heading thegem-custom-6a01a4ec45b224441\" ><h3 id=\"thegem-heading-6a01a4ec45a82\" class=\"thegem-heading vc_custom_1718899163665 wpb_animate_when_almost_visible fadeInUp wpb_fadeInUp\" style=\"text-align: left;\" ><span>Nagy dobozba kis term\u00e9k?<\/span><\/h3><style type=\"text\/css\">#thegem-heading-6a01a4ec45a82 {margin: 0;}#thegem-heading-6a01a4ec45a82 a:hover, #thegem-heading-6a01a4ec45a82 a:hover span.colored {color: var(--thegem-to-menu-level1-color-hover, #00BCD4) !important;}<\/style><\/div><style>@media screen and (max-width: 1023px) {.thegem-te-heading.thegem-custom-6a01a4ec45b224441{display: block!important;}}@media screen and (max-width: 767px) {.thegem-te-heading.thegem-custom-6a01a4ec45b224441{display: block!important;}}@media screen and (max-width: 1023px) {.thegem-te-heading.thegem-custom-6a01a4ec45b224441{position: relative !important;}}@media screen and (max-width: 767px) {.thegem-te-heading.thegem-custom-6a01a4ec45b224441{position: relative !important;}}<\/style>[vc_column_text css_animation=&#8221;fadeInUp&#8221;]A csomagol\u00e1s sor\u00e1n gyakran el\u0151fordul az a nem ide\u00e1lis eset, amikor a nagy dobozba kis term\u00e9k ker\u00fcl. Tipikus p\u00e9lda erre, amikor a fulfillment szolg\u00e1ltat\u00f3 az \u00e1ruval be\u00e9rkez\u0151 dobozokat \u00fajra felhaszn\u00e1lja. Ezekben az esetekben nemcsak a term\u00e9k hat\u00e9kony csomagol\u00e1sa, hanem a gazdas\u00e1goss\u00e1g is nagyobb kih\u00edv\u00e1s.<br \/>\nA Care PackAir Comfort &#8211; kiv\u00e1l\u00f3an alkalmazhat\u00f3 ezen nagyobb terek kit\u00f6lt\u00e9s\u00e9re, teljesen felf\u00fajva majd 0,4 m2 ter\u00fcletet k\u00e9pes kit\u00f6lteni.[\/vc_column_text][\/vc_column][vc_column width=&#8221;1\/2&#8243; el_class=&#8221;nomargin&#8221; css=&#8221;.vc_custom_1718899492831{margin-bottom: 0px !important;border-bottom-width: 0px !important;padding-bottom: 0px !important;background-image: url(https:\/\/carepackair.com\/wp-content\/uploads\/2024\/06\/DSC02222.jpg?id=25466) !important;background-position: center !important;background-repeat: no-repeat !important;background-size: cover !important;}&#8221;]<div class=\"clearboth\"><\/div><style>#thegem-divider-6a01a4ec45ba9 {margin-top: 400px !important;}<\/style><div id=\"thegem-divider-6a01a4ec45ba9\" class=\"gem-divider  \" style=\"\" ><\/div>[\/vc_column][\/vc_row][vc_row content_placement=&#8221;middle&#8221; css=&#8221;.vc_custom_1702459912657{margin-top: 0px !important;border-top-width: 0px !important;padding-top: 0px !important;}&#8221;][vc_column width=&#8221;1\/2&#8243; css=&#8221;.vc_custom_1718899516488{margin-top: 0px !important;border-top-width: 0px !important;padding-top: 0px !important;background-image: url(https:\/\/carepackair.com\/wp-content\/uploads\/2024\/06\/DSC02269.jpg?id=25468) !important;background-position: center !important;background-repeat: no-repeat !important;background-size: cover !important;}&#8221; el_class=&#8221;nomargin&#8221;]<div class=\"clearboth\"><\/div><style>#thegem-divider-6a01a4ec45bdb {margin-top: 400px !important;}<\/style><div id=\"thegem-divider-6a01a4ec45bdb\" class=\"gem-divider  \" style=\"\" ><\/div>[\/vc_column][vc_column width=&#8221;1\/2&#8243; css=&#8221;.vc_custom_1702466141158{margin-top: 0px !important;border-top-width: 0px !important;padding-top: 0px !important;}&#8221; mobile_padding_top=&#8221;20&#8243;]<div class=\"thegem-te-heading thegem-custom-6a01a4ec45cdb5650\" ><h4 id=\"thegem-heading-6a01a4ec45ca4\" class=\"thegem-heading vc_custom_1718899180071 wpb_animate_when_almost_visible fadeInUp wpb_fadeInUp\" style=\"text-align: left;\" ><span class=\"colored\" style=\"color: #0047bb;\">Gazdas\u00e1gos a szolg\u00e1ltat\u00f3nak, k\u00e9nyelmes a v\u00e9gfelhaszn\u00e1l\u00f3nak<\/span><\/h4><style type=\"text\/css\">#thegem-heading-6a01a4ec45ca4 {margin: 0;}#thegem-heading-6a01a4ec45ca4 a:hover, #thegem-heading-6a01a4ec45ca4 a:hover span.colored {color: var(--thegem-to-menu-level1-color-hover, #00BCD4) !important;}<\/style><\/div><style>@media screen and (max-width: 1023px) {.thegem-te-heading.thegem-custom-6a01a4ec45cdb5650{display: block!important;}}@media screen and (max-width: 767px) {.thegem-te-heading.thegem-custom-6a01a4ec45cdb5650{display: block!important;}}@media screen and (max-width: 1023px) {.thegem-te-heading.thegem-custom-6a01a4ec45cdb5650{position: relative !important;}}@media screen and (max-width: 767px) {.thegem-te-heading.thegem-custom-6a01a4ec45cdb5650{position: relative !important;}}<\/style>[vc_column_text css_animation=&#8221;fadeInUp&#8221;]A CPA Comfort t\u00e9rkit\u00f6lt\u0151 &#8220;ballon&#8221; alkalmaz\u00e1sa gazdas\u00e1goss\u00e1 \u00e9s egyben k\u00f6rnyezetbar\u00e1tt\u00e1, anyagtakar\u00e9koss\u00e1 teszi a nem ide\u00e1lis m\u00e9ret\u0171 term\u00e9k\/doboz csomagol\u00e1st, hiszen:<\/p>\n<ul>\n<li>1 t\u00e9rkit\u00f6lt\u0151 sz\u00fcks\u00e9ges hozz\u00e1, melybe kell\u0151 mennyis\u00e9g\u0171 leveg\u0151t juttatunk<\/li>\n<li>Ez\u00e1ltal gyorsabban, kevesebb t\u00e9rkit\u00f6lt\u0151 felhaszn\u00e1l\u00e1s\u00e1val csomagolunk<\/li>\n<li>A v\u00e9gfelhaszn\u00e1l\u00f3 pedig a ballont leeresztve a szelekt\u00edv kuk\u00e1ba helyezi az \u00f6sszegy\u0171rve di\u00f3nyi mennyis\u00e9g\u0171 t\u00e9rkit\u00f6lt\u0151 f\u00f3li\u00e1t.<\/li>\n<\/ul>\n<p>[\/vc_column_text][\/vc_column][\/vc_row][vc_row equal_height=&#8221;yes&#8221; el_class=&#8221;flex-reverse&#8221;][vc_column offset=&#8221;vc_col-lg-12 vc_hidden-md vc_hidden-sm vc_hidden-xs&#8221;]<div class=\"clearboth\"><\/div><style>#thegem-divider-6a01a4ec45d1e {margin-top: 80px !important;}<\/style><div id=\"thegem-divider-6a01a4ec45d1e\" class=\"gem-divider  \" style=\"\" ><\/div>[\/vc_column][\/vc_row][vc_row content_placement=&#8221;middle&#8221; css=&#8221;.vc_custom_1702465216844{padding-top: 80px !important;padding-bottom: 80px !important;padding-left: 120px !important;background-color: #0047bb !important;}&#8221; mobile_padding_left=&#8221;0%&#8221; mobile_padding_right=&#8221;0%&#8221;][vc_column width=&#8221;2\/3&#8243;][vc_column_text css_animation=&#8221;fadeInUp&#8221;]<\/p>\n<h2 style=\"margin-bottom: 0px;\"><span style=\"color: #ffffff;\">K\u00e9rje aj\u00e1nlatunkat!<\/span><\/h2>\n<p><span style=\"color: #ffffff;\">Az eszk\u00f6z megv\u00e1s\u00e1rolhat\u00f3, de b\u00e9rleti konstrukci\u00f3ban is el\u00e9rhet\u0151.<\/span>[\/vc_column_text][\/vc_column][vc_column width=&#8221;1\/3&#8243; thegem_content_alignment=&#8221;left&#8221; css=&#8221;.vc_custom_1702465275341{padding-bottom: 10px !important;}&#8221;]<style type=\"text\/css\">.thegem-button-6a01a4ec45e1b4580 .gem-button {opacity:0}<\/style><style type=\"text\/css\">.thegem-button-6a01a4ec45e1b4580 .gem-button svg {fill: #ffffff;}.thegem-button-6a01a4ec45e1b4580 .gem-button:hover svg {fill: #0047bb;}<\/style><div class=\"gem-button-container gem-button-position-inline thegem-button-6a01a4ec45e1b4580     thegem-button-animate thegem-button-animation-fade-up\"  ><a title=\"Kapcsolat\" class=\"gem-button gem-button-size-medium gem-button-style-outline gem-button-text-weight-normal gem-button-border-2\" style=\"border-radius: 0px;border-color: #ffffff;color: #ffffff;\" onmouseleave=\"this.style.borderColor='#ffffff';this.style.backgroundColor='transparent';this.style.color='#ffffff';\" onmouseenter=\"this.style.backgroundColor='#ffffff';this.style.color='#0047bb';\" href=\"https:\/\/carepackair.com\/hu\/kapcsolat\/\" target=\"_self\">AJ\u00c1NLATK\u00c9R\u00c9S<\/a><\/div> [\/vc_column][\/vc_row][vc_row][vc_column]<div class=\"clearboth\"><\/div><style>#thegem-divider-6a01a4ec45e72 {margin-top: 85px !important;}<\/style><div id=\"thegem-divider-6a01a4ec45e72\" class=\"gem-divider  \" style=\"\" ><\/div>[\/vc_column][\/vc_row]<\/p>\n<\/section>","protected":false},"excerpt":{"rendered":"<p>[vc_row equal_height=&#8221;yes&#8221; el_class=&#8221;flex-reverse&#8221;][vc_column offset=&#8221;vc_col-lg-12&#8243;][vc_column_text] Care PackAir Comfort Nagy terek kit\u00f6lt\u00e9se egyszer\u0171en [\/vc_column_text][\/vc_column][\/vc_row][vc_row content_placement=&#8221;middle&#8221; css=&#8221;.vc_custom_1702464594186{margin-bottom: 0px !important;border-bottom-width: 0px !important;padding-bottom: 0px !important;}&#8221;&#8230;<\/p>\n","protected":false},"author":4,"featured_media":0,"parent":0,"menu_order":1,"comment_status":"closed","ping_status":"closed","template":"","meta":{"footnotes":""},"yoast_head":"<!-- This site is optimized with the Yoast SEO plugin v21.5 - https:\/\/yoast.com\/wordpress\/plugins\/seo\/ -->\n<title>Care PackAir Comfort - Care PackAir t\u00e9rkit\u00f6lt\u0151<\/title>\n<meta name=\"description\" content=\"Nagy terek kit\u00f6lt\u00e9se egyszer\u0171en\" \/>\n<meta name=\"robots\" content=\"index, follow, max-snippet:-1, max-image-preview:large, max-video-preview:-1\" \/>\n<link rel=\"canonical\" href=\"https:\/\/carepackair.com\/hu\/care-packair-comfort\/\" \/>\n<meta property=\"og:locale\" content=\"hu_HU\" \/>\n<meta property=\"og:type\" content=\"article\" \/>\n<meta property=\"og:title\" content=\"Care PackAir Comfort - Care PackAir t\u00e9rkit\u00f6lt\u0151\" \/>\n<meta property=\"og:description\" content=\"Nagy terek kit\u00f6lt\u00e9se egyszer\u0171en\" \/>\n<meta property=\"og:url\" content=\"https:\/\/carepackair.com\/hu\/care-packair-comfort\/\" \/>\n<meta property=\"og:site_name\" content=\"Care PackAir t\u00e9rkit\u00f6lt\u0151\" \/>\n<meta property=\"article:modified_time\" content=\"2024-06-20T16:05:28+00:00\" \/>\n<meta name=\"twitter:card\" content=\"summary_large_image\" \/>\n<meta name=\"twitter:label1\" content=\"Becs\u00fclt olvas\u00e1si id\u0151\" \/>\n\t<meta name=\"twitter:data1\" content=\"1 perc\" \/>\n<script type=\"application\/ld+json\" class=\"yoast-schema-graph\">{\"@context\":\"https:\/\/schema.org\",\"@graph\":[{\"@type\":\"WebPage\",\"@id\":\"https:\/\/carepackair.com\/hu\/care-packair-comfort\/\",\"url\":\"https:\/\/carepackair.com\/hu\/care-packair-comfort\/\",\"name\":\"Care PackAir Comfort - Care PackAir t\u00e9rkit\u00f6lt\u0151\",\"isPartOf\":{\"@id\":\"https:\/\/carepackair.com\/hu\/#website\"},\"datePublished\":\"2024-06-20T16:00:37+00:00\",\"dateModified\":\"2024-06-20T16:05:28+00:00\",\"description\":\"Nagy terek kit\u00f6lt\u00e9se egyszer\u0171en\",\"breadcrumb\":{\"@id\":\"https:\/\/carepackair.com\/hu\/care-packair-comfort\/#breadcrumb\"},\"inLanguage\":\"hu\",\"potentialAction\":[{\"@type\":\"ReadAction\",\"target\":[\"https:\/\/carepackair.com\/hu\/care-packair-comfort\/\"]}]},{\"@type\":\"BreadcrumbList\",\"@id\":\"https:\/\/carepackair.com\/hu\/care-packair-comfort\/#breadcrumb\",\"itemListElement\":[{\"@type\":\"ListItem\",\"position\":1,\"name\":\"Kezd\u0151lap\",\"item\":\"https:\/\/carepackair.com\/hu\/\"},{\"@type\":\"ListItem\",\"position\":2,\"name\":\"Care PackAir Comfort\"}]},{\"@type\":\"WebSite\",\"@id\":\"https:\/\/carepackair.com\/hu\/#website\",\"url\":\"https:\/\/carepackair.com\/hu\/\",\"name\":\"Care PackAir t\u00e9rkit\u00f6lt\u0151\",\"description\":\"T\u00f6meges term\u00e9k csomagol\u00e1s gyorsan, biztons\u00e1gosan, k\u00f6lts\u00e9ghat\u00e9konyan\",\"publisher\":{\"@id\":\"https:\/\/carepackair.com\/hu\/#organization\"},\"potentialAction\":[{\"@type\":\"SearchAction\",\"target\":{\"@type\":\"EntryPoint\",\"urlTemplate\":\"https:\/\/carepackair.com\/hu\/?s={search_term_string}\"},\"query-input\":\"required name=search_term_string\"}],\"inLanguage\":\"hu\"},{\"@type\":\"Organization\",\"@id\":\"https:\/\/carepackair.com\/hu\/#organization\",\"name\":\"Care PackAir\",\"url\":\"https:\/\/carepackair.com\/hu\/\",\"logo\":{\"@type\":\"ImageObject\",\"inLanguage\":\"hu\",\"@id\":\"https:\/\/carepackair.com\/hu\/#\/schema\/logo\/image\/\",\"url\":\"https:\/\/carepackair.com\/wp-content\/uploads\/2020\/11\/CPA_horizontalis_03_kek.png\",\"contentUrl\":\"https:\/\/carepackair.com\/wp-content\/uploads\/2020\/11\/CPA_horizontalis_03_kek.png\",\"width\":830,\"height\":314,\"caption\":\"Care PackAir\"},\"image\":{\"@id\":\"https:\/\/carepackair.com\/hu\/#\/schema\/logo\/image\/\"}}]}<\/script>\n<!-- \/ Yoast SEO plugin. -->","yoast_head_json":{"title":"Care PackAir Comfort - Care PackAir t\u00e9rkit\u00f6lt\u0151","description":"Nagy terek kit\u00f6lt\u00e9se egyszer\u0171en","robots":{"index":"index","follow":"follow","max-snippet":"max-snippet:-1","max-image-preview":"max-image-preview:large","max-video-preview":"max-video-preview:-1"},"canonical":"https:\/\/carepackair.com\/hu\/care-packair-comfort\/","og_locale":"hu_HU","og_type":"article","og_title":"Care PackAir Comfort - Care PackAir t\u00e9rkit\u00f6lt\u0151","og_description":"Nagy terek kit\u00f6lt\u00e9se egyszer\u0171en","og_url":"https:\/\/carepackair.com\/hu\/care-packair-comfort\/","og_site_name":"Care PackAir t\u00e9rkit\u00f6lt\u0151","article_modified_time":"2024-06-20T16:05:28+00:00","twitter_card":"summary_large_image","twitter_misc":{"Becs\u00fclt olvas\u00e1si id\u0151":"1 perc"},"schema":{"@context":"https:\/\/schema.org","@graph":[{"@type":"WebPage","@id":"https:\/\/carepackair.com\/hu\/care-packair-comfort\/","url":"https:\/\/carepackair.com\/hu\/care-packair-comfort\/","name":"Care PackAir Comfort - Care PackAir t\u00e9rkit\u00f6lt\u0151","isPartOf":{"@id":"https:\/\/carepackair.com\/hu\/#website"},"datePublished":"2024-06-20T16:00:37+00:00","dateModified":"2024-06-20T16:05:28+00:00","description":"Nagy terek kit\u00f6lt\u00e9se egyszer\u0171en","breadcrumb":{"@id":"https:\/\/carepackair.com\/hu\/care-packair-comfort\/#breadcrumb"},"inLanguage":"hu","potentialAction":[{"@type":"ReadAction","target":["https:\/\/carepackair.com\/hu\/care-packair-comfort\/"]}]},{"@type":"BreadcrumbList","@id":"https:\/\/carepackair.com\/hu\/care-packair-comfort\/#breadcrumb","itemListElement":[{"@type":"ListItem","position":1,"name":"Kezd\u0151lap","item":"https:\/\/carepackair.com\/hu\/"},{"@type":"ListItem","position":2,"name":"Care PackAir Comfort"}]},{"@type":"WebSite","@id":"https:\/\/carepackair.com\/hu\/#website","url":"https:\/\/carepackair.com\/hu\/","name":"Care PackAir t\u00e9rkit\u00f6lt\u0151","description":"T\u00f6meges term\u00e9k csomagol\u00e1s gyorsan, biztons\u00e1gosan, k\u00f6lts\u00e9ghat\u00e9konyan","publisher":{"@id":"https:\/\/carepackair.com\/hu\/#organization"},"potentialAction":[{"@type":"SearchAction","target":{"@type":"EntryPoint","urlTemplate":"https:\/\/carepackair.com\/hu\/?s={search_term_string}"},"query-input":"required name=search_term_string"}],"inLanguage":"hu"},{"@type":"Organization","@id":"https:\/\/carepackair.com\/hu\/#organization","name":"Care PackAir","url":"https:\/\/carepackair.com\/hu\/","logo":{"@type":"ImageObject","inLanguage":"hu","@id":"https:\/\/carepackair.com\/hu\/#\/schema\/logo\/image\/","url":"https:\/\/carepackair.com\/wp-content\/uploads\/2020\/11\/CPA_horizontalis_03_kek.png","contentUrl":"https:\/\/carepackair.com\/wp-content\/uploads\/2020\/11\/CPA_horizontalis_03_kek.png","width":830,"height":314,"caption":"Care PackAir"},"image":{"@id":"https:\/\/carepackair.com\/hu\/#\/schema\/logo\/image\/"}}]}},"_links":{"self":[{"href":"https:\/\/carepackair.com\/hu\/wp-json\/wp\/v2\/pages\/25462"}],"collection":[{"href":"https:\/\/carepackair.com\/hu\/wp-json\/wp\/v2\/pages"}],"about":[{"href":"https:\/\/carepackair.com\/hu\/wp-json\/wp\/v2\/types\/page"}],"author":[{"embeddable":true,"href":"https:\/\/carepackair.com\/hu\/wp-json\/wp\/v2\/users\/4"}],"replies":[{"embeddable":true,"href":"https:\/\/carepackair.com\/hu\/wp-json\/wp\/v2\/comments?post=25462"}],"version-history":[{"count":3,"href":"https:\/\/carepackair.com\/hu\/wp-json\/wp\/v2\/pages\/25462\/revisions"}],"predecessor-version":[{"id":25470,"href":"https:\/\/carepackair.com\/hu\/wp-json\/wp\/v2\/pages\/25462\/revisions\/25470"}],"wp:attachment":[{"href":"https:\/\/carepackair.com\/hu\/wp-json\/wp\/v2\/media?parent=25462"}],"curies":[{"name":"wp","href":"https:\/\/api.w.org\/{rel}","templated":true}]}}