{"id":24889,"date":"2022-04-22T12:36:28","date_gmt":"2022-04-22T10:36:28","guid":{"rendered":"https:\/\/carepackair.com\/?page_id=24889"},"modified":"2024-06-20T17:15:52","modified_gmt":"2024-06-20T15:15:52","slug":"care-packair-pump","status":"publish","type":"page","link":"https:\/\/carepackair.com\/hu\/care-packair-pump\/","title":{"rendered":"Care PackAir Pump"},"content":{"rendered":"<section class=\"wpb-content-wrapper\"><p>[vc_row equal_height=&#8221;yes&#8221; el_class=&#8221;flex-reverse&#8221;][vc_column offset=&#8221;vc_col-lg-12&#8243;]<div class=\"clearboth\"><\/div><style>#thegem-divider-6a01a3a80b139 {margin-top: 130px !important;}<\/style><div id=\"thegem-divider-6a01a3a80b139\" class=\"gem-divider  \" style=\"\" ><\/div>[vc_column_text]<\/p>\n<h1>Care PackAir<br \/>\nPump<\/h1>\n<p>[\/vc_column_text]<div class=\"clearboth\"><\/div><style>#thegem-divider-6a01a3a80b7fb {margin-bottom: 100px !important;}<\/style><div id=\"thegem-divider-6a01a3a80b7fb\" class=\"gem-divider  \" style=\"\" ><\/div>[\/vc_column][\/vc_row][vc_row content_placement=&#8221;middle&#8221; css=&#8221;.vc_custom_1702464594186{margin-bottom: 0px !important;border-bottom-width: 0px !important;padding-bottom: 0px !important;}&#8221; el_class=&#8221;flex-reverse nomargin&#8221;][vc_column width=&#8221;1\/2&#8243; css=&#8221;.vc_custom_1702459944547{margin-bottom: 0px !important;border-bottom-width: 0px !important;padding-bottom: 0px !important;}&#8221;]<div class=\"thegem-te-heading thegem-custom-6a01a3a80b9732329\" ><h3 id=\"thegem-heading-6a01a3a80b8ff\" class=\"thegem-heading vc_custom_1702466952487 wpb_animate_when_almost_visible fadeInUp wpb_fadeInUp\" style=\"text-align: left;\" ><span>A Care PackAir t\u00e9rkit\u00f6lt\u0151k felf\u00faj\u00e1s\u00e1hoz \u00e9s l\u00e9gt\u00f6lt\u0151 szelep\u00fck lez\u00e1r\u00e1s\u00e1hoz alkalmazott eszk\u00f6z\u00fcnk.<\/span><\/h3><style type=\"text\/css\">#thegem-heading-6a01a3a80b8ff {margin: 0;}#thegem-heading-6a01a3a80b8ff a:hover, #thegem-heading-6a01a3a80b8ff a:hover span.colored {color: var(--thegem-to-menu-level1-color-hover, #00BCD4) !important;}<\/style><\/div><style>@media screen and (max-width: 1023px) {.thegem-te-heading.thegem-custom-6a01a3a80b9732329{display: block!important;}}@media screen and (max-width: 767px) {.thegem-te-heading.thegem-custom-6a01a3a80b9732329{display: block!important;}}@media screen and (max-width: 1023px) {.thegem-te-heading.thegem-custom-6a01a3a80b9732329{position: relative !important;}}@media screen and (max-width: 767px) {.thegem-te-heading.thegem-custom-6a01a3a80b9732329{position: relative !important;}}<\/style>[vc_column_text css_animation=&#8221;fadeInUp&#8221;]A hardver h\u00e1zb\u00f3l \u00e9s a k\u00e9zi egys\u00e9gb\u0151l \u00e1ll\u00f3 CPA Pump l\u00e9gt\u00f6lt\u0151 \u00e9s hegeszt\u0151 eszk\u00f6z funkci\u00f3ja a csomagol\u00e1si folyamat sor\u00e1n a CPA t\u00e9rkit\u00f6lt\u0151k leveg\u0151vel kell\u0151 mennyis\u00e9gben t\u00f6rt\u00e9n\u0151 megt\u00f6lt\u00e9se, majd a t\u00f6lt\u00e9st seg\u00edt\u0151 szelep lez\u00e1r\u00e1sa, h\u0151hegeszt\u00e9se.[\/vc_column_text][\/vc_column][vc_column width=&#8221;1\/2&#8243; el_class=&#8221;nomargin&#8221; css=&#8221;.vc_custom_1702459952885{margin-bottom: 0px !important;border-bottom-width: 0px !important;padding-bottom: 0px !important;background-image: url(https:\/\/carepackair.com\/wp-content\/uploads\/2023\/12\/DSC09590.jpg?id=25277) !important;background-position: center !important;background-repeat: no-repeat !important;background-size: cover !important;}&#8221;]<div class=\"clearboth\"><\/div><style>#thegem-divider-6a01a3a80b9ea {margin-top: 400px !important;}<\/style><div id=\"thegem-divider-6a01a3a80b9ea\" class=\"gem-divider  \" style=\"\" ><\/div>[\/vc_column][\/vc_row][vc_row content_placement=&#8221;middle&#8221; css=&#8221;.vc_custom_1702459912657{margin-top: 0px !important;border-top-width: 0px !important;padding-top: 0px !important;}&#8221;][vc_column width=&#8221;1\/2&#8243; css=&#8221;.vc_custom_1702466131277{margin-top: 0px !important;border-top-width: 0px !important;padding-top: 0px !important;background-image: url(https:\/\/carepackair.com\/wp-content\/uploads\/2023\/12\/DSC09535.jpg?id=25271) !important;background-position: center !important;background-repeat: no-repeat !important;background-size: cover !important;}&#8221; el_class=&#8221;nomargin&#8221;]<div class=\"clearboth\"><\/div><style>#thegem-divider-6a01a3a80ba1a {margin-top: 400px !important;}<\/style><div id=\"thegem-divider-6a01a3a80ba1a\" class=\"gem-divider  \" style=\"\" ><\/div>[\/vc_column][vc_column width=&#8221;1\/2&#8243; css=&#8221;.vc_custom_1702466141158{margin-top: 0px !important;border-top-width: 0px !important;padding-top: 0px !important;}&#8221; mobile_padding_top=&#8221;20&#8243;][vc_column_text css_animation=&#8221;fadeInUp&#8221;]<span style=\"font-weight: 400;\">Azon t\u00fal, hogy gyorsan \u00e9s hat\u00e9konyan felt\u00f6lti, majd lez\u00e1rja a t\u00e9rkit\u00f6lt\u0151inket, kis m\u00e9rete \u00e9s hordozhat\u00f3s\u00e1ga miatt gyorsan, k\u00f6nnyen \u00e9s b\u00e1rhol telep\u00edthet\u0151, alkalmazhat\u00f3.<\/span><\/p>\n<p><span style=\"font-weight: 400;\">A kism\u00e9ret\u0171, kisebb teljes\u00edtm\u00e9ny\u0171 CP-1 t\u00edpusjel\u0171 eszk\u00f6z\u00fcnket csomagol\u00e1ssal \u00e9s term\u00e9k post\u00e1z\u00e1ssal is foglalkoz\u00f3 \u00fczletek, web\u00e1ruh\u00e1zak sz\u00e1m\u00e1ra, a nagyobb teljes\u00edtm\u00e9ny\u0171 CP-D1 k\u00e9t munka\u00e1llom\u00e1sos eszk\u00f6z\u00fcnket pedig nagyobb csomagol\u00e1si kapacit\u00e1s\u00fa web\u00e1ruh\u00e1zak, fulfillment szolg\u00e1ltat\u00f3k sz\u00e1m\u00e1ra aj\u00e1nljuk.<\/span>[\/vc_column_text][\/vc_column][\/vc_row][vc_row equal_height=&#8221;yes&#8221; el_class=&#8221;flex-reverse&#8221;][vc_column offset=&#8221;vc_col-lg-12 vc_hidden-md vc_hidden-sm vc_hidden-xs&#8221;]<div class=\"clearboth\"><\/div><style>#thegem-divider-6a01a3a80ba41 {margin-top: 80px !important;}<\/style><div id=\"thegem-divider-6a01a3a80ba41\" class=\"gem-divider  \" style=\"\" ><\/div>[\/vc_column][\/vc_row][vc_row][vc_column]<div class=\"thegem-te-heading thegem-custom-6a01a3a80bb326782\" ><h2 id=\"thegem-heading-6a01a3a80bb0b\" class=\"thegem-heading\" style=\"text-align: center;\" ><span>Megold\u00e1saink<\/span><\/h2><style type=\"text\/css\">#thegem-heading-6a01a3a80bb0b {margin: 0;}#thegem-heading-6a01a3a80bb0b {margin-left: auto; margin-right: auto;}#thegem-heading-6a01a3a80bb0b > * {justify-content: center;}#thegem-heading-6a01a3a80bb0b a:hover, #thegem-heading-6a01a3a80bb0b a:hover span.colored {color: var(--thegem-to-menu-level1-color-hover, #00BCD4) !important;}<\/style><\/div><style>@media screen and (max-width: 1023px) {.thegem-te-heading.thegem-custom-6a01a3a80bb326782{display: block!important;}}@media screen and (max-width: 767px) {.thegem-te-heading.thegem-custom-6a01a3a80bb326782{display: block!important;}}@media screen and (max-width: 1023px) {.thegem-te-heading.thegem-custom-6a01a3a80bb326782{position: relative !important;}}@media screen and (max-width: 767px) {.thegem-te-heading.thegem-custom-6a01a3a80bb326782{position: relative !important;}}<\/style><div class=\"clearboth\"><\/div><style>#thegem-divider-6a01a3a80bb7c {margin-bottom: 80px !important;}<\/style><div id=\"thegem-divider-6a01a3a80bb7c\" class=\"gem-divider  \" style=\"\" ><\/div>[\/vc_column][\/vc_row][vc_row full_width=&#8221;stretch_row_content&#8221; equal_height=&#8221;yes&#8221; el_class=&#8221;flex-reverse&#8221; css=&#8221;.vc_custom_1702467472425{margin-top: 0px !important;border-top-width: 0px !important;padding-top: 0px !important;background-color: rgba(93,142,191,0.14) !important;*background-color: rgb(93,142,191) !important;}&#8221; tablet_padding_top=&#8221;20&#8243;][vc_column offset=&#8221;vc_col-lg-12&#8243; css=&#8221;.vc_custom_1702465663767{margin-top: 0px !important;border-top-width: 0px !important;padding-top: 0px !important;}&#8221;][vc_row_inner content_placement=&#8221;middle&#8221; css=&#8221;.vc_custom_1702465840248{margin-top: 0px !important;margin-bottom: 0px !important;border-top-width: 0px !important;padding-top: 0px !important;}&#8221; el_class=&#8221;flex-reverse&#8221;][vc_column_inner width=&#8221;1\/2&#8243; css=&#8221;.vc_custom_1702467388851{margin-top: 0px !important;border-top-width: 0px !important;padding-top: 0px !important;padding-right: 80px !important;padding-bottom: 0px !important;padding-left: 80px !important;}&#8221; mobile_padding_left=&#8221;20&#8243; mobile_padding_right=&#8221;20&#8243; mobile_padding_top=&#8221;20&#8243; tablet_padding_left=&#8221;20&#8243; tablet_padding_right=&#8221;20&#8243;]<div class=\"thegem-te-heading thegem-custom-6a01a3a80bc5e6343\" ><h4 id=\"thegem-heading-6a01a3a80bc31\" class=\"thegem-heading vc_custom_1702467160942 wpb_animate_when_almost_visible fadeInUp wpb_fadeInUp\" style=\"text-align: left;\" ><span class=\"colored\" style=\"color: #0047bb;\">CP-1 - kisebb web\u00e1ruh\u00e1zak, csomagol\u00e1st is v\u00e9gz\u0151 \u00fczletek sz\u00e1m\u00e1ra<\/span><\/h4><style type=\"text\/css\">#thegem-heading-6a01a3a80bc31 {margin: 0;}#thegem-heading-6a01a3a80bc31 a:hover, #thegem-heading-6a01a3a80bc31 a:hover span.colored {color: var(--thegem-to-menu-level1-color-hover, #00BCD4) !important;}<\/style><\/div><style>@media screen and (max-width: 1023px) {.thegem-te-heading.thegem-custom-6a01a3a80bc5e6343{display: block!important;}}@media screen and (max-width: 767px) {.thegem-te-heading.thegem-custom-6a01a3a80bc5e6343{display: block!important;}}@media screen and (max-width: 1023px) {.thegem-te-heading.thegem-custom-6a01a3a80bc5e6343{position: relative !important;}}@media screen and (max-width: 767px) {.thegem-te-heading.thegem-custom-6a01a3a80bc5e6343{position: relative !important;}}<\/style>[vc_column_text css_animation=&#8221;fadeInUp&#8221;]&#8221;Biztons\u00e1gos, k\u00e9nyelmes, kompakt t\u00e9rkit\u00f6lt\u0151 megold\u00e1s igen kis helyig\u00e9nnyel&#8221; A CP-1 t\u00edpus\u00fa l\u00e9gt\u00f6lt\u0151 eszk\u00f6z kis m\u00e9rete, halk m\u0171k\u00f6d\u00e9se, egyszer\u0171 kezelhet\u0151s\u00e9ge \u00e1ltal ide\u00e1lis v\u00e1laszt\u00e1s kisebb kapacit\u00e1ssal m\u0171k\u00f6d\u0151 web\u00e1ruh\u00e1zak, csomagk\u00fcld\u00e9st is v\u00e9gz\u0151 \u00fczletek sz\u00e1m\u00e1ra csomagjaik biztons\u00e1gos, egyszer\u0171, k\u00f6lts\u00e9gk\u00edm\u00e9l\u0151 csomagol\u00e1si tev\u00e9kenys\u00e9g\u00e9hez.<\/p>\n<p>Az egy munka\u00e1llom\u00e1ssal felszerelt eszk\u00f6z energiaig\u00e9nye minim\u00e1lis (260*310 mm), kis helyen t\u00e1rolhat\u00f3, egy gombnyom\u00e1ssal azonnal \u00fczembe helyezhet\u0151 \u00e9s azonnal haszn\u00e1lhat\u00f3.<\/p>\n<p>[\/vc_column_text][\/vc_column_inner][vc_column_inner el_class=&#8221;nomargin&#8221; width=&#8221;1\/2&#8243; css=&#8221;.vc_custom_1702461596259{margin-top: 0px !important;border-top-width: 0px !important;padding-top: 0px !important;background-image: url(https:\/\/carepackair.com\/wp-content\/uploads\/2023\/12\/DSC09503.jpg?id=25269) !important;background-position: center !important;background-repeat: no-repeat !important;background-size: cover !important;}&#8221;]<div class=\"clearboth\"><\/div><style>#thegem-divider-6a01a3a80bc9e {margin-top: 400px !important;}<\/style><div id=\"thegem-divider-6a01a3a80bc9e\" class=\"gem-divider  \" style=\"\" ><\/div>[\/vc_column_inner][\/vc_row_inner][vc_row_inner content_placement=&#8221;middle&#8221;][vc_column_inner el_class=&#8221;nomargin&#8221; width=&#8221;1\/2&#8243; thegem_content_alignment=&#8221;center&#8221; background_position_desktop=&#8221;center center&#8221; background_position_tablet=&#8221;center center&#8221; background_position_mobile=&#8221;center center&#8221; css=&#8221;.vc_custom_1718896465242{background-image: url(https:\/\/carepackair.com\/wp-content\/uploads\/2024\/06\/DSC02158.jpg?id=25441) !important;background-position: center !important;background-repeat: no-repeat !important;background-size: cover !important;}&#8221;]<div class=\"clearboth\"><\/div><style>#thegem-divider-6a01a3a80bcc5 {margin-top: 400px !important;}<\/style><div id=\"thegem-divider-6a01a3a80bcc5\" class=\"gem-divider  \" style=\"\" ><\/div>[\/vc_column_inner][vc_column_inner width=&#8221;1\/2&#8243; css=&#8221;.vc_custom_1702467399005{padding-top: 0px !important;padding-right: 80px !important;padding-bottom: 0px !important;padding-left: 80px !important;}&#8221; mobile_padding_left=&#8221;20&#8243; mobile_padding_right=&#8221;20&#8243; mobile_padding_top=&#8221;20&#8243; tablet_padding_left=&#8221;20&#8243; tablet_padding_right=&#8221;20&#8243;]<div class=\"thegem-te-heading thegem-custom-6a01a3a80bdb47669\" ><h4 id=\"thegem-heading-6a01a3a80bd8a\" class=\"thegem-heading vc_custom_1702467178752 wpb_animate_when_almost_visible fadeInUp wpb_fadeInUp\" style=\"text-align: left;\" ><span class=\"colored\" style=\"color: #0047bb;\">CP-D1 nagy teljes\u00edtm\u00e9ny dupla munka\u00e1llom\u00e1ssal nagy csomagkapacit\u00e1shoz<\/span><\/h4><style type=\"text\/css\">#thegem-heading-6a01a3a80bd8a {margin: 0;}#thegem-heading-6a01a3a80bd8a a:hover, #thegem-heading-6a01a3a80bd8a a:hover span.colored {color: var(--thegem-to-menu-level1-color-hover, #00BCD4) !important;}<\/style><\/div><style>@media screen and (max-width: 1023px) {.thegem-te-heading.thegem-custom-6a01a3a80bdb47669{display: block!important;}}@media screen and (max-width: 767px) {.thegem-te-heading.thegem-custom-6a01a3a80bdb47669{display: block!important;}}@media screen and (max-width: 1023px) {.thegem-te-heading.thegem-custom-6a01a3a80bdb47669{position: relative !important;}}@media screen and (max-width: 767px) {.thegem-te-heading.thegem-custom-6a01a3a80bdb47669{position: relative !important;}}<\/style>[vc_column_text css_animation=&#8221;fadeInUp&#8221;]&#8221;Gyors, biztons\u00e1gos \u00e9s rugalmas t\u00e9rkit\u00f6lt\u0151 megold\u00e1s v\u00e1ltozatos dobozm\u00e9rethez \u00e9s term\u00e9kt\u00edpusokhoz&#8221; A k\u00e9t munka\u00e1llom\u00e1ssal rendelkez\u0151 CP-D1, nagy teljes\u00edtm\u00e9ny\u0171 l\u00e9gt\u00f6lt\u0151 halk, k\u00f6nnyen kezelhet\u0151, kifejezetten \u00fczemi k\u00f6r\u00fclm\u00e9nyekre tervezett eszk\u00f6z.<\/p>\n<p>Kis m\u00e9rete (480*270 mm alapter\u00fclet), k\u00f6nny\u0171 kezelhet\u0151s\u00e9ge (k\u00e9t, egyenk\u00e9nt 2,5 m hossz\u00fas\u00e1g\u00fa l\u00e9g \u00e9s villamosvezet\u00e9kkel b\u00edr\u00f3 k\u00e9zieszk\u00f6zzel), nagy teljes\u00edtm\u00e9nye (200 liter\/perc) miatt ide\u00e1lis v\u00e1laszt\u00e1s nagyobb kapacit\u00e1ssal dolgoz\u00f3 web\u00e1ruh\u00e1zak, fulfillent szolg\u00e1ltat\u00f3k, term\u00e9kgy\u00e1rt\u00f3k \u00e9s a term\u00e9keket maguk csomagol\u00f3 v\u00e1llalkoz\u00e1sok sz\u00e1m\u00e1ra.[\/vc_column_text][\/vc_column_inner][\/vc_row_inner][\/vc_column][\/vc_row][vc_row equal_height=&#8221;yes&#8221; el_class=&#8221;flex-reverse&#8221;][vc_column offset=&#8221;vc_col-lg-12 vc_hidden-md vc_hidden-sm vc_hidden-xs&#8221;]<div class=\"clearboth\"><\/div><style>#thegem-divider-6a01a3a80bdee {margin-top: 80px !important;}<\/style><div id=\"thegem-divider-6a01a3a80bdee\" class=\"gem-divider  \" style=\"\" ><\/div>[\/vc_column][\/vc_row][vc_row content_placement=&#8221;middle&#8221; css=&#8221;.vc_custom_1702465216844{padding-top: 80px !important;padding-bottom: 80px !important;padding-left: 120px !important;background-color: #0047bb !important;}&#8221; mobile_padding_left=&#8221;0%&#8221; mobile_padding_right=&#8221;0%&#8221;][vc_column width=&#8221;2\/3&#8243;][vc_column_text css_animation=&#8221;fadeInUp&#8221;]<\/p>\n<h2 style=\"margin-bottom: 0px;\"><span style=\"color: #ffffff;\">K\u00e9rje aj\u00e1nlatunkat!<\/span><\/h2>\n<p><span style=\"color: #ffffff;\">Az eszk\u00f6z megv\u00e1s\u00e1rolhat\u00f3, de b\u00e9rleti konstrukci\u00f3ban is el\u00e9rhet\u0151.<\/span>[\/vc_column_text][\/vc_column][vc_column width=&#8221;1\/3&#8243; thegem_content_alignment=&#8221;left&#8221; css=&#8221;.vc_custom_1702465275341{padding-bottom: 10px !important;}&#8221;]<style type=\"text\/css\">.thegem-button-6a01a3a80bea69751 .gem-button {opacity:0}<\/style><style type=\"text\/css\">.thegem-button-6a01a3a80bea69751 .gem-button svg {fill: #ffffff;}.thegem-button-6a01a3a80bea69751 .gem-button:hover svg {fill: #0047bb;}<\/style><div class=\"gem-button-container gem-button-position-inline thegem-button-6a01a3a80bea69751     thegem-button-animate thegem-button-animation-fade-up\"  ><a title=\"Kapcsolat\" class=\"gem-button gem-button-size-medium gem-button-style-outline gem-button-text-weight-normal gem-button-border-2\" style=\"border-radius: 0px;border-color: #ffffff;color: #ffffff;\" onmouseleave=\"this.style.borderColor='#ffffff';this.style.backgroundColor='transparent';this.style.color='#ffffff';\" onmouseenter=\"this.style.backgroundColor='#ffffff';this.style.color='#0047bb';\" href=\"https:\/\/carepackair.com\/hu\/kapcsolat\/\" target=\"_self\">AJ\u00c1NLATK\u00c9R\u00c9S<\/a><\/div> [\/vc_column][\/vc_row][vc_row][vc_column]<div class=\"clearboth\"><\/div><style>#thegem-divider-6a01a3a80bef4 {margin-top: 85px !important;}<\/style><div id=\"thegem-divider-6a01a3a80bef4\" class=\"gem-divider  \" style=\"\" ><\/div>[\/vc_column][\/vc_row]<\/p>\n<\/section>","protected":false},"excerpt":{"rendered":"<p>[vc_row equal_height=&#8221;yes&#8221; el_class=&#8221;flex-reverse&#8221;][vc_column offset=&#8221;vc_col-lg-12&#8243;][vc_column_text] Care PackAir Pump [\/vc_column_text][\/vc_column][\/vc_row][vc_row content_placement=&#8221;middle&#8221; css=&#8221;.vc_custom_1702464594186{margin-bottom: 0px !important;border-bottom-width: 0px !important;padding-bottom: 0px !important;}&#8221; el_class=&#8221;flex-reverse nomargin&#8221;][vc_column width=&#8221;1\/2&#8243; css=&#8221;.vc_custom_1702459944547{margin-bottom:&#8230;<\/p>\n","protected":false},"author":1,"featured_media":0,"parent":0,"menu_order":1,"comment_status":"closed","ping_status":"closed","template":"","meta":{"footnotes":""},"yoast_head":"<!-- This site is optimized with the Yoast SEO plugin v21.5 - https:\/\/yoast.com\/wordpress\/plugins\/seo\/ -->\n<title>Care PackAir Pump - Care PackAir t\u00e9rkit\u00f6lt\u0151<\/title>\n<meta name=\"description\" content=\"A Care PackAir t\u00e9rkit\u00f6lt\u0151k felf\u00faj\u00e1s\u00e1hoz \u00e9s l\u00e9gt\u00f6lt\u0151 szelep\u00fck lez\u00e1r\u00e1s\u00e1hoz alkalmazott eszk\u00f6z\u00fcnk.\" \/>\n<meta name=\"robots\" content=\"index, follow, max-snippet:-1, max-image-preview:large, max-video-preview:-1\" \/>\n<link rel=\"canonical\" href=\"https:\/\/carepackair.com\/hu\/care-packair-pump\/\" \/>\n<meta property=\"og:locale\" content=\"hu_HU\" \/>\n<meta property=\"og:type\" content=\"article\" \/>\n<meta property=\"og:title\" content=\"Care PackAir Pump - Care PackAir t\u00e9rkit\u00f6lt\u0151\" \/>\n<meta property=\"og:description\" content=\"A Care PackAir t\u00e9rkit\u00f6lt\u0151k felf\u00faj\u00e1s\u00e1hoz \u00e9s l\u00e9gt\u00f6lt\u0151 szelep\u00fck lez\u00e1r\u00e1s\u00e1hoz alkalmazott eszk\u00f6z\u00fcnk.\" \/>\n<meta property=\"og:url\" content=\"https:\/\/carepackair.com\/hu\/care-packair-pump\/\" \/>\n<meta property=\"og:site_name\" content=\"Care PackAir t\u00e9rkit\u00f6lt\u0151\" \/>\n<meta property=\"article:modified_time\" content=\"2024-06-20T15:15:52+00:00\" \/>\n<meta name=\"twitter:card\" content=\"summary_large_image\" \/>\n<meta name=\"twitter:label1\" content=\"Becs\u00fclt olvas\u00e1si id\u0151\" \/>\n\t<meta name=\"twitter:data1\" content=\"1 perc\" \/>\n<script type=\"application\/ld+json\" class=\"yoast-schema-graph\">{\"@context\":\"https:\/\/schema.org\",\"@graph\":[{\"@type\":\"WebPage\",\"@id\":\"https:\/\/carepackair.com\/hu\/care-packair-pump\/\",\"url\":\"https:\/\/carepackair.com\/hu\/care-packair-pump\/\",\"name\":\"Care PackAir Pump - Care PackAir t\u00e9rkit\u00f6lt\u0151\",\"isPartOf\":{\"@id\":\"https:\/\/carepackair.com\/hu\/#website\"},\"datePublished\":\"2022-04-22T10:36:28+00:00\",\"dateModified\":\"2024-06-20T15:15:52+00:00\",\"description\":\"A Care PackAir t\u00e9rkit\u00f6lt\u0151k felf\u00faj\u00e1s\u00e1hoz \u00e9s l\u00e9gt\u00f6lt\u0151 szelep\u00fck lez\u00e1r\u00e1s\u00e1hoz alkalmazott eszk\u00f6z\u00fcnk.\",\"breadcrumb\":{\"@id\":\"https:\/\/carepackair.com\/hu\/care-packair-pump\/#breadcrumb\"},\"inLanguage\":\"hu\",\"potentialAction\":[{\"@type\":\"ReadAction\",\"target\":[\"https:\/\/carepackair.com\/hu\/care-packair-pump\/\"]}]},{\"@type\":\"BreadcrumbList\",\"@id\":\"https:\/\/carepackair.com\/hu\/care-packair-pump\/#breadcrumb\",\"itemListElement\":[{\"@type\":\"ListItem\",\"position\":1,\"name\":\"Kezd\u0151lap\",\"item\":\"https:\/\/carepackair.com\/hu\/\"},{\"@type\":\"ListItem\",\"position\":2,\"name\":\"Care PackAir Pump\"}]},{\"@type\":\"WebSite\",\"@id\":\"https:\/\/carepackair.com\/hu\/#website\",\"url\":\"https:\/\/carepackair.com\/hu\/\",\"name\":\"Care PackAir t\u00e9rkit\u00f6lt\u0151\",\"description\":\"T\u00f6meges term\u00e9k csomagol\u00e1s gyorsan, biztons\u00e1gosan, k\u00f6lts\u00e9ghat\u00e9konyan\",\"publisher\":{\"@id\":\"https:\/\/carepackair.com\/hu\/#organization\"},\"potentialAction\":[{\"@type\":\"SearchAction\",\"target\":{\"@type\":\"EntryPoint\",\"urlTemplate\":\"https:\/\/carepackair.com\/hu\/?s={search_term_string}\"},\"query-input\":\"required name=search_term_string\"}],\"inLanguage\":\"hu\"},{\"@type\":\"Organization\",\"@id\":\"https:\/\/carepackair.com\/hu\/#organization\",\"name\":\"Care PackAir\",\"url\":\"https:\/\/carepackair.com\/hu\/\",\"logo\":{\"@type\":\"ImageObject\",\"inLanguage\":\"hu\",\"@id\":\"https:\/\/carepackair.com\/hu\/#\/schema\/logo\/image\/\",\"url\":\"https:\/\/carepackair.com\/wp-content\/uploads\/2020\/11\/CPA_horizontalis_03_kek.png\",\"contentUrl\":\"https:\/\/carepackair.com\/wp-content\/uploads\/2020\/11\/CPA_horizontalis_03_kek.png\",\"width\":830,\"height\":314,\"caption\":\"Care PackAir\"},\"image\":{\"@id\":\"https:\/\/carepackair.com\/hu\/#\/schema\/logo\/image\/\"}}]}<\/script>\n<!-- \/ Yoast SEO plugin. -->","yoast_head_json":{"title":"Care PackAir Pump - Care PackAir t\u00e9rkit\u00f6lt\u0151","description":"A Care PackAir t\u00e9rkit\u00f6lt\u0151k felf\u00faj\u00e1s\u00e1hoz \u00e9s l\u00e9gt\u00f6lt\u0151 szelep\u00fck lez\u00e1r\u00e1s\u00e1hoz alkalmazott eszk\u00f6z\u00fcnk.","robots":{"index":"index","follow":"follow","max-snippet":"max-snippet:-1","max-image-preview":"max-image-preview:large","max-video-preview":"max-video-preview:-1"},"canonical":"https:\/\/carepackair.com\/hu\/care-packair-pump\/","og_locale":"hu_HU","og_type":"article","og_title":"Care PackAir Pump - Care PackAir t\u00e9rkit\u00f6lt\u0151","og_description":"A Care PackAir t\u00e9rkit\u00f6lt\u0151k felf\u00faj\u00e1s\u00e1hoz \u00e9s l\u00e9gt\u00f6lt\u0151 szelep\u00fck lez\u00e1r\u00e1s\u00e1hoz alkalmazott eszk\u00f6z\u00fcnk.","og_url":"https:\/\/carepackair.com\/hu\/care-packair-pump\/","og_site_name":"Care PackAir t\u00e9rkit\u00f6lt\u0151","article_modified_time":"2024-06-20T15:15:52+00:00","twitter_card":"summary_large_image","twitter_misc":{"Becs\u00fclt olvas\u00e1si id\u0151":"1 perc"},"schema":{"@context":"https:\/\/schema.org","@graph":[{"@type":"WebPage","@id":"https:\/\/carepackair.com\/hu\/care-packair-pump\/","url":"https:\/\/carepackair.com\/hu\/care-packair-pump\/","name":"Care PackAir Pump - Care PackAir t\u00e9rkit\u00f6lt\u0151","isPartOf":{"@id":"https:\/\/carepackair.com\/hu\/#website"},"datePublished":"2022-04-22T10:36:28+00:00","dateModified":"2024-06-20T15:15:52+00:00","description":"A Care PackAir t\u00e9rkit\u00f6lt\u0151k felf\u00faj\u00e1s\u00e1hoz \u00e9s l\u00e9gt\u00f6lt\u0151 szelep\u00fck lez\u00e1r\u00e1s\u00e1hoz alkalmazott eszk\u00f6z\u00fcnk.","breadcrumb":{"@id":"https:\/\/carepackair.com\/hu\/care-packair-pump\/#breadcrumb"},"inLanguage":"hu","potentialAction":[{"@type":"ReadAction","target":["https:\/\/carepackair.com\/hu\/care-packair-pump\/"]}]},{"@type":"BreadcrumbList","@id":"https:\/\/carepackair.com\/hu\/care-packair-pump\/#breadcrumb","itemListElement":[{"@type":"ListItem","position":1,"name":"Kezd\u0151lap","item":"https:\/\/carepackair.com\/hu\/"},{"@type":"ListItem","position":2,"name":"Care PackAir Pump"}]},{"@type":"WebSite","@id":"https:\/\/carepackair.com\/hu\/#website","url":"https:\/\/carepackair.com\/hu\/","name":"Care PackAir t\u00e9rkit\u00f6lt\u0151","description":"T\u00f6meges term\u00e9k csomagol\u00e1s gyorsan, biztons\u00e1gosan, k\u00f6lts\u00e9ghat\u00e9konyan","publisher":{"@id":"https:\/\/carepackair.com\/hu\/#organization"},"potentialAction":[{"@type":"SearchAction","target":{"@type":"EntryPoint","urlTemplate":"https:\/\/carepackair.com\/hu\/?s={search_term_string}"},"query-input":"required name=search_term_string"}],"inLanguage":"hu"},{"@type":"Organization","@id":"https:\/\/carepackair.com\/hu\/#organization","name":"Care PackAir","url":"https:\/\/carepackair.com\/hu\/","logo":{"@type":"ImageObject","inLanguage":"hu","@id":"https:\/\/carepackair.com\/hu\/#\/schema\/logo\/image\/","url":"https:\/\/carepackair.com\/wp-content\/uploads\/2020\/11\/CPA_horizontalis_03_kek.png","contentUrl":"https:\/\/carepackair.com\/wp-content\/uploads\/2020\/11\/CPA_horizontalis_03_kek.png","width":830,"height":314,"caption":"Care PackAir"},"image":{"@id":"https:\/\/carepackair.com\/hu\/#\/schema\/logo\/image\/"}}]}},"_links":{"self":[{"href":"https:\/\/carepackair.com\/hu\/wp-json\/wp\/v2\/pages\/24889"}],"collection":[{"href":"https:\/\/carepackair.com\/hu\/wp-json\/wp\/v2\/pages"}],"about":[{"href":"https:\/\/carepackair.com\/hu\/wp-json\/wp\/v2\/types\/page"}],"author":[{"embeddable":true,"href":"https:\/\/carepackair.com\/hu\/wp-json\/wp\/v2\/users\/1"}],"replies":[{"embeddable":true,"href":"https:\/\/carepackair.com\/hu\/wp-json\/wp\/v2\/comments?post=24889"}],"version-history":[{"count":93,"href":"https:\/\/carepackair.com\/hu\/wp-json\/wp\/v2\/pages\/24889\/revisions"}],"predecessor-version":[{"id":25446,"href":"https:\/\/carepackair.com\/hu\/wp-json\/wp\/v2\/pages\/24889\/revisions\/25446"}],"wp:attachment":[{"href":"https:\/\/carepackair.com\/hu\/wp-json\/wp\/v2\/media?parent=24889"}],"curies":[{"name":"wp","href":"https:\/\/api.w.org\/{rel}","templated":true}]}}